{"id":14211,"date":"2026-03-17T13:23:35","date_gmt":"2026-03-17T13:23:35","guid":{"rendered":"https:\/\/vs-manufaktur.de\/?page_id=14211"},"modified":"2026-04-16T06:29:13","modified_gmt":"2026-04-16T06:29:13","slug":"ductus-betec-kollektion","status":"publish","type":"page","link":"https:\/\/vs-manufaktur.de\/fr\/kollektionen\/ductus-betec-kollektion\/","title":{"rendered":"DUCTUS &#8211; BETEC Kollektion"},"content":{"rendered":"<div class=\"wpb-content-wrapper\"><p>[vc_row][vc_column width=\u00a0\u00bb1\/2&Prime;][vc_column_text css=\u00a0\u00bb\u00a0\u00bb]<\/p>\n<h1>DUCTUS<\/h1>\n<p class=\"p1\"><b>Bilderleuchte<\/b><\/p>\n<p>[\/vc_column_text][\/vc_column][vc_column width=\u00a0\u00bb1\/2&Prime;][\/vc_column][\/vc_row][vc_row][vc_column][vc_single_image image=\u00a0\u00bb14208&Prime; img_size=\u00a0\u00bbfull\u00a0\u00bb css=\u00a0\u00bb.vc_custom_1773753764627{margin-bottom: 10px !important;}\u00a0\u00bb][vc_single_image image=\u00a0\u00bb14210&Prime; img_size=\u00a0\u00bbfull\u00a0\u00bb css=\u00a0\u00bb.vc_custom_1773753774917{margin-bottom: 20px !important;}\u00a0\u00bb][vc_column_text css=\u00a0\u00bb\u00a0\u00bb]<\/p>\n<h3>Designed by: Horst Lettenmayer<\/h3>\n<p class=\"p1\">Unsere Pult- und Wandleuchte wird in h\u00f6chster handwerklicher Pr\u00e4zision hergestellt. Hervorragend geeignet fu\u0308r Rednerpultbeleuchtung, Speisekarten- sowie Vitrinenbeleuchtung. Die Einbau-Steckbuchse kann in Materialst\u00e4rken von 5 bis 45 mm mit einer Bohrung von \u00d818 mm eingebaut werden. Durch den patentierten Druck-Steckkontakt l\u00e4sst sich das Leuchtenrohr bei getrenntem Stromkreis aus der Montagebuchse herausziehen (gegen Vandalismus oder Diebstahl).<\/p>\n<p class=\"p1\">Fu\u0308r die Wandversion k\u00f6nnen wir ebenfalls die geeignete Befestigungsm\u00f6glichkeit z.B. Befestigungsrosette anbieten.<\/p>\n<p>[\/vc_column_text][\/vc_column][\/vc_row][vc_row css=\u00a0\u00bb.vc_custom_1773686380091{border-color: #000000 !important;}\u00a0\u00bb][vc_column width=\u00a0\u00bb1\/4&Prime;][vc_column_text css=\u00a0\u00bb\u00a0\u00bb]<\/p>\n<h3 class=\"p1\"><span class=\"s1\">Technische Daten<\/span><\/h3>\n<p class=\"p1\"><strong>Bu\u0308geltypen Ausladungen<\/strong><span class=\"s1\"><strong>:<\/strong><br \/>\n<\/span><\/p>\n<ul>\n<li class=\"p1\">Typ 04 (40 mm)<\/li>\n<li class=\"p1\">Typ 10 (100 mm)<\/li>\n<li class=\"p1\">Typ 14 (145 mm)<\/li>\n<li class=\"p1\">Typ 18 (175 mm)<\/li>\n<\/ul>\n<p>[\/vc_column_text][\/vc_column][vc_column width=\u00a0\u00bb3\/4&Prime;][vc_single_image image=\u00a0\u00bb14267&Prime; img_size=\u00a0\u00bbfull\u00a0\u00bb css=\u00a0\u00bb\u00a0\u00bb][\/vc_column][\/vc_row][vc_row full_width=\u00a0\u00bbstretch_row\u00a0\u00bb css=\u00a0\u00bb.vc_custom_1773086004437{margin-bottom: 0px !important;}\u00a0\u00bb][vc_column width=\u00a0\u00bb1\/2&Prime;][vc_column_text css=\u00a0\u00bb\u00a0\u00bb]<\/p>\n<p class=\"p1\">Material: Messing<br \/>\nLeuchtmittel: Mono LED, EEK: F, RA: 90<br \/>\nSpannung Prim\u00e4r: 220 &#8211; 240 V<br \/>\nSpannung Sekund\u00e4r: DC 24V<br \/>\nVorschaltger\u00e4t 20 W: 107 x 41 x 22 mm<br \/>\nLeuchtrohr drehbar: \u00d8 14 mm<br \/>\nBu\u0308gelrohr: \u00d8 6 mm<\/p>\n<p>[\/vc_column_text][vc_column_text css=\u00a0\u00bb\u00a0\u00bb]<\/p>\n<p class=\"p1\"><strong>LED Leuchtmittelfarben<\/strong><span class=\"s1\"><strong>:<\/strong><br \/>\n<\/span><\/p>\n<ul>\n<li class=\"p1\">2400 Kelvin Warm RA 80+ \/ 750 Lm \/ m<\/li>\n<li class=\"p1\">2700 Kelvin Neutral RA 94+ \/ 1640 Lm \/ m<\/li>\n<li class=\"p1\">3100 Kelvin Tageslicht RA 94+ \/ 1680 Lm \/ m<\/li>\n<li class=\"p1\">1800-6000 Kelvin Variabel RA 90+ \/ 1596 Lm \/ m<\/li>\n<\/ul>\n<p class=\"p1\"><strong><span class=\"s1\">Leuchtenl\u00e4ngen<\/span><\/strong><span class=\"s1\"><strong>:<\/strong><br \/>\n<\/span><\/p>\n<ul>\n<li class=\"p1\"><span class=\"s1\">160 mm <\/span>Leistung: 0,6 Watt<\/li>\n<li class=\"p1\"><span class=\"s1\">260 <\/span><span class=\"s1\">mm\u00a0<\/span>Leistung: 1,8 Watt<\/li>\n<li class=\"p1\"><span class=\"s1\">360 <\/span><span class=\"s1\">mm\u00a0<\/span>Leistung: 3,0 Watt<\/li>\n<li class=\"p1\"><span class=\"s1\">460 <\/span><span class=\"s1\">mm\u00a0<\/span>Leistung: 4,2 Watt<\/li>\n<li>560 mm Leistung: 5,4 Watt<\/li>\n<li>660 mm Leistung: 6,6 Watt<\/li>\n<li class=\"p1\"><span class=\"s1\">760 mm <\/span>Leistung: 7,8 Watt<\/li>\n<li class=\"p1\"><span class=\"s1\">860 <\/span><span class=\"s1\">mm\u00a0<\/span>Leistung: 9,0 Watt<\/li>\n<li class=\"p1\"><span class=\"s1\">960 <\/span><span class=\"s1\">mm\u00a0<\/span>Leistung: 10,2 Watt<\/li>\n<li class=\"p1\"><span class=\"s1\">1060 <\/span><span class=\"s1\">mm\u00a0<\/span>Leistung: 11,4 Watt<\/li>\n<li>1160 mm Leistung: 12,6 Watt<\/li>\n<\/ul>\n<p>[\/vc_column_text][vc_column_text css=\u00a0\u00bb\u00a0\u00bb]<\/p>\n<p class=\"p1\">Leuchte komplett mit LED Leuchtmittel, Befestigungsrosette zur Montage auf der Tischplatte oder an der Wand. Dimmf\u00e4higes Vorschaltger\u00e4t 230V\u00a0(Phasenan- sowie abschnitt).<\/p>\n<p class=\"p1\">Bitte geben Sie bei Bestellung Ihre Plattenst\u00e4rke mit an.<\/p>\n<p>[\/vc_column_text][\/vc_column][vc_column width=\u00a0\u00bb1\/2&Prime;][vc_column_text css=\u00a0\u00bb\u00a0\u00bb]<\/p>\n<h2>Grundmaterial Messing<\/h2>\n<p>[\/vc_column_text][vc_tta_accordion title_tag=\u00a0\u00bbh5&Prime; section_title_tag=\u00a0\u00bbp\u00a0\u00bb style=\u00a0\u00bbflat\u00a0\u00bb color=\u00a0\u00bbwhite\u00a0\u00bb active_section=\u00a0\u00bb\u00a0\u00bb collapsible_all=\u00a0\u00bbtrue\u00a0\u00bb][vc_tta_section title=\u00a0\u00bbMp &#8211; Messing poliert, unlackiert\u00a0\u00bb tab_id=\u00a0\u00bb1732864748733-bcca9326-250abeff-aee0&Prime;][vc_column_text css=\u00a0\u00bb.vc_custom_1732529119016{background-color: #ffffff !important;}\u00a0\u00bb]<img loading=\"lazy\" decoding=\"async\" class=\"alignleft\" style=\"width: 19%; height: auto; margin: 0 30px 16px 0;\" src=\"https:\/\/vs-manufaktur.de\/wp-content\/uploads\/2022\/03\/Ms.jpg\" alt=\"\" width=\"844\" height=\"507\" \/> Die Oberfl\u00e4che ist hochglanzpoliert und weiters unbehandelt.<br \/>\nMit der Zeit entsteht eine br\u00e4unliche Patina, welche wieder mit handels\u00fcblicher Metallpolitur aufpoliert werden kann.<br \/>\nWir empfehlen zum Aufpolieren ein weiches Baumwolltuch. Bitte keine Mikrofaser verwenden, da sonst Kratzer entstehen.<br \/>\n[\/vc_column_text][\/vc_tta_section][vc_tta_section title=\u00a0\u00bbMs &#8211; Messing poliert, lackiert\u00a0\u00bb tab_id=\u00a0\u00bb1732864748759-3709a0ec-7819beff-aee0&Prime;][vc_column_text css=\u00a0\u00bb\u00a0\u00bb]<img loading=\"lazy\" decoding=\"async\" class=\"alignleft\" style=\"width: 19%; height: auto; margin: 0 30px 16px 0;\" src=\"https:\/\/vs-manufaktur.de\/wp-content\/uploads\/2022\/03\/Ms.jpg\" alt=\"\" width=\"844\" height=\"507\" \/> Die Oberfl\u00e4che ist hochglanzpoliert und mit Zaponlack lackiert.<br \/>\nDer Zaponlack kann nur abgestaubt werden. Falls ein Fleck durch M\u00fccken o.\u00e4. entfernt werden muss,<br \/>\nmaximal mit leicht angefeuchtetem Baumwolltuch vorsichtig und nur auf dieser Stelle leicht reiben.<br \/>\nDer Zaponlack kann durch zu starken Druck durchgerieben werden.<br \/>\nAuf Wunsch k\u00f6nnen wir die Leuchten gegen Aufpreis auch mit 2K-Lack versiegeln.<br \/>\n<em>(s. weiter unten: 2K-Lackierung)<\/em><br \/>\n[\/vc_column_text][\/vc_tta_section][vc_tta_section title=\u00a0\u00bbMt &#8211; Messing matt geb\u00fcrstet, lackiert\u00a0\u00bb tab_id=\u00a0\u00bb1732864748785-598ba674-0d34beff-aee0&Prime;][vc_column_text css=\u00a0\u00bb\u00a0\u00bb]<img loading=\"lazy\" decoding=\"async\" class=\"alignleft\" style=\"width: 19%; height: auto; margin: 0 30px 16px 0;\" src=\"https:\/\/vs-manufaktur.de\/wp-content\/uploads\/2022\/03\/Mt.jpg\" alt=\"\" width=\"844\" height=\"507\" \/> Die Oberfl\u00e4che ist matt geb\u00fcrstet und mit Zaponlack lackiert.<br \/>\nDer Zaponlack kann nur abgestaubt werden. Falls ein Fleck durch M\u00fccken o.\u00e4. entfernt werden muss, maximal mit leicht angefeuchtetem Baumwolltuch vorsichtig und nur auf dieser Stelle leicht reiben.<br \/>\nDer Zaponlack kann durch zu starken Druck durchgerieben werden.<br \/>\nAuf Wunsch k\u00f6nnen wir die Leuchten gegen Aufpreis auch mit 2K-Lack versiegeln.<br \/>\n<em>(s. weiter unten: 2K-Lackierung)<\/em><br \/>\n[\/vc_column_text][\/vc_tta_section][vc_tta_section title=\u00a0\u00bbNi &#8211; Messing vernickelt\u00a0\u00bb tab_id=\u00a0\u00bb1732864748809-e6260dd2-06d0beff-aee0&Prime;][vc_column_text css=\u00a0\u00bb\u00a0\u00bb]<img loading=\"lazy\" decoding=\"async\" class=\"alignleft\" style=\"width: 19%; height: auto; margin: 0 30px 16px 0;\" src=\"https:\/\/vs-manufaktur.de\/wp-content\/uploads\/2022\/03\/Ni.jpg\" alt=\"\" width=\"844\" height=\"507\" \/> Die Oberfl\u00e4che ist hochglanzpoliert und galvanisch vernickelt.<br \/>\nNickel ist nach Chrom das h\u00e4rtestete nat\u00fcrlich vorkommende Metall.<br \/>\nNickel ist nicht anlaufbest\u00e4ndig und bildet mit der Zeit eine Oxidschicht. Die Farbe ist gelb-silber, \u00e4hnlich Sterling-Silber, somit ein weicher Silberfarbton. Diese kann mit handels\u00fcblicher Politur f\u00fcr Messing\/Chrom wieder aufpoliert werden.<br \/>\nAuf Wunsch, gegen Aufpreis, k\u00f6nnen wir die vernickelte Oberfl\u00e4che auch mit Zaponlack gegen Anlaufen sch\u00fctzen.[\/vc_column_text][\/vc_tta_section][vc_tta_section title=\u00a0\u00bbNm &#8211; Messing vernickelt, matt geb\u00fcrstet\u00a0\u00bb tab_id=\u00a0\u00bb1732864748839-f02b7cc3-829bbeff-aee0&Prime;][vc_column_text css=\u00a0\u00bb\u00a0\u00bb]<img loading=\"lazy\" decoding=\"async\" class=\"alignleft\" style=\"width: 19%; height: auto; margin: 0 30px 16px 0;\" src=\"https:\/\/vs-manufaktur.de\/wp-content\/uploads\/2022\/03\/Nm.jpg\" alt=\"\" width=\"844\" height=\"507\" \/> Die Oberfl\u00e4che ist hochglanzpoliert und galvanisch vernickelt.<br \/>\nNach dem Vernickeln wird die Oberfl\u00e4che in einem weiteren Arbeitsschritt matt geb\u00fcrstet.<br \/>\nNickel ist nicht anlaufbest\u00e4ndig und bildet mit der Zeit eine Oxidschicht. Das Reinigen der Oberfl\u00e4chenstruktur kann nur mit Glasreiniger und einem Mikrofasertuch gereinigt werden. Eine Politur ist nicht zu empfehlen, da sonst gl\u00e4nzende Stellen entstehen k\u00f6nnen.<br \/>\nAuf Wunsch, gegen Aufpreis, k\u00f6nnen wir die Oberfl\u00e4che auch mit Zaponlack gegen Anlaufen sch\u00fctzen.<br \/>\n[\/vc_column_text][\/vc_tta_section][vc_tta_section title=\u00a0\u00bbCr &#8211; Messing verchromt &#8211; unsere widerstandsf\u00e4higste Oberfl\u00e4che\u00a0\u00bb tab_id=\u00a0\u00bb1732864748869-4141f06e-a666beff-aee0&Prime;][vc_column_text css=\u00a0\u00bb\u00a0\u00bb]<img loading=\"lazy\" decoding=\"async\" class=\"alignleft\" style=\"width: 19%; height: auto; margin: 0 30px 16px 0;\" src=\"https:\/\/vs-manufaktur.de\/wp-content\/uploads\/2022\/03\/Cr.jpg\" alt=\"\" width=\"844\" height=\"507\" \/> Die Oberfl\u00e4che ist hochglanzpoliert und galvanisch vernickelt, anschlie\u00dfend verchromt. Das Aussehen ist blau-silber.<br \/>\nEine sehr unempfindliche Oberfl\u00e4che, welche weder anl\u00e4uft, oxidiert und problemlos mit Sp\u00fclmittel gereinigt werden.<br \/>\nEine normale Politur f\u00fcr Messing\/Chrom kann ebenfalls verwendet werden.<br \/>\nBitte nur ein normales Baumwolltuch verwenden.<br \/>\n[\/vc_column_text][\/vc_tta_section][vc_tta_section title=\u00a0\u00bbCu &#8211; Messing verkupfert, lackiert\u00a0\u00bb tab_id=\u00a0\u00bb1732864748898-85da737b-2a0dbeff-aee0&Prime;][vc_column_text css=\u00a0\u00bb\u00a0\u00bb]<img loading=\"lazy\" decoding=\"async\" class=\"alignleft\" style=\"width: 19%; height: auto; margin: 0 30px 16px 0;\" src=\"https:\/\/vs-manufaktur.de\/wp-content\/uploads\/2022\/03\/Cu.jpg\" alt=\"\" width=\"844\" height=\"507\" \/> Die Oberfl\u00e4che ist hochglanzpoliert und wird anschlie\u00dfend galvanisch verkupfert.<br \/>\nAls Anlaufschutz wird die Oberfl\u00e4che mit Zaponlack lackiert.<br \/>\nDer Zaponlack kann nur abgestaubt werden.<br \/>\nFalls ein Fleck durch M\u00fccken o.\u00e4. entfernt werden muss, maximal mit leicht angefeuchtetem Baumwolltuch vorsichtig und<br \/>\nnur auf dieser Stelle leicht reiben. Der Zaponlack kann durch zu starken Druck durchgerieben werden.<br \/>\nAuf Wunsch k\u00f6nnen wir die Leuchten gegen Aufpreis auch mit 2K-Lack versiegeln.<br \/>\n<em>(s. weiter unten: 2K-Lackierung)<\/em><br \/>\n[\/vc_column_text][\/vc_tta_section][vc_tta_section title=\u00a0\u00bbCm &#8211; Messing verkupfert, matt geb\u00fcrstet, lackiert\u00a0\u00bb tab_id=\u00a0\u00bb1732864748928-4e6bf0a0-daadbeff-aee0&Prime;][vc_column_text css=\u00a0\u00bb\u00a0\u00bb]<img loading=\"lazy\" decoding=\"async\" class=\"alignleft\" style=\"width: 19%; height: auto; margin: 0 30px 16px 0;\" src=\"https:\/\/vs-manufaktur.de\/wp-content\/uploads\/2022\/03\/Cm.jpg\" alt=\"\" width=\"844\" height=\"507\" \/> Die Oberfl\u00e4che ist hochglanzpoliert und wird anschlie\u00dfend galvanisch verkupfert.<br \/>\nIn einem weiteren Arbeitsschritt wird die Oberfl\u00e4che matt geb\u00fcrstet. Als Anlaufschutz wird die Oberfl\u00e4che mit Zaponlack lackiert.<br \/>\nDer Zaponlack kann nur abgestaubt werden. Falls ein Fleck durch M\u00fccken o.\u00e4. entfernt werden muss, maximal mit leicht angefeuchtetem Baumwolltuch vorsichtig und nur auf dieser Stelle leicht reiben.<br \/>\nDer Zaponlack kann durch zu starken Druck durchgerieben werden.<br \/>\nAuf Wunsch k\u00f6nnen wir die Leuchten gegen Aufpreis auch mit 2K-Lack versiegeln.<br \/>\n<em>(s. weiter unten: 2K-Lackierung)<\/em><br \/>\n[\/vc_column_text][\/vc_tta_section][vc_tta_section title=\u00a0\u00bbBr &#8211; Messing br\u00fcniert, lackiert\u00a0\u00bb tab_id=\u00a0\u00bb1732864748956-325160f1-34a1beff-aee0&Prime;][vc_column_text css=\u00a0\u00bb\u00a0\u00bb]<img loading=\"lazy\" decoding=\"async\" class=\"alignleft\" style=\"width: 19%; height: auto; margin: 0 30px 16px 0;\" src=\"https:\/\/vs-manufaktur.de\/wp-content\/uploads\/2022\/03\/Br.jpg\" alt=\"\" width=\"844\" height=\"507\" \/> Die Oberfl\u00e4che wird matt geb\u00fcrstet und anschlie\u00dfend br\u00fcniert.<br \/>\nDas br\u00fcnieren von Messing ist ein traditionelles Verfahren. Das Messing wird erst mit Bimsmehl (gemahlener Lavastein) stark vorgerieben, mit Wasser gesp\u00fclt und mit einem Wechselbad von Lauge und S\u00e4ure gef\u00e4rbt. Die eigentliche \u00ab\u00a0Br\u00e4une\u00a0\u00bb sitzt unter der Anlaufschicht und wird nochmals ausgerieben, anschlie\u00dfend gereinigt und mit Zaponlack lackiert.<br \/>\nDie Oberfl\u00e4che dunkelt mit der Zeit nach. Verbindungen mit Silberlot sind sichtbar, da das Silber keine Farbe annimmt.<\/p>\n<p>Der Zaponlack kann nur abgestaubt werden.<br \/>\nFalls ein Fleck durch M\u00fccken o.\u00e4. entfernt werden muss, maximal mit leicht angefeuchtetem Baumwolltuch vorsichtig und<br \/>\nnur auf dieser Stelle leicht reiben.<br \/>\nDer Zaponlack kann durch zu starken Druck durchgerieben werden.<br \/>\nAuf Wunsch k\u00f6nnen wir die Leuchten gegen Aufpreis auch mit 2K-Lack versiegeln.<br \/>\n<em>(s. weiter unten: 2K-Lackierung)<\/em>[\/vc_column_text][\/vc_tta_section][vc_tta_section title=\u00a0\u00bbBd &#8211; Messing dunkel br\u00fcniert, lackiert\u00a0\u00bb tab_id=\u00a0\u00bb1732864748985-e55f7466-10a9beff-aee0&Prime;][vc_column_text css=\u00a0\u00bb\u00a0\u00bb]<img loading=\"lazy\" decoding=\"async\" class=\"alignleft\" style=\"width: 19%; height: auto; margin: 0 30px 16px 0;\" src=\"https:\/\/vs-manufaktur.de\/wp-content\/uploads\/2022\/03\/Bd.jpg\" alt=\"\" width=\"844\" height=\"507\" \/> Die Oberfl\u00e4che wird matt geb\u00fcrstet und anschlie\u00dfend br\u00fcniert.<br \/>\nDas br\u00fcnieren von Messing ist ein traditionelles Verfahren. Das Messing wird erst mit Bimsmehl (gemahlener Lavastein) stark vorgerieben, mit Wasser gesp\u00fclt und mit einem Wechselbad von Lauge und S\u00e4ure gef\u00e4rbt. Die eigentliche \u00ab\u00a0Br\u00e4une\u00a0\u00bb sitzt unter der Anlaufschicht und wird nochmals ausgerieben. Der Vorgang wird nochmals wiederholt, um eine dunklere Oberfl\u00e4che zu erzielen. Anschlie\u00dfend wird alles gereinigt und mit Zaponlack lackiert. Die Oberfl\u00e4che dunkelt mit der Zeit nach. L\u00f6tstellen mit Silberlot sind sichtbar, da das Silber keine Farbe annimmt. Bei der dunkleren F\u00e4rbung sind die Silberlotstellen st\u00e4rker sichtbar als beim normalen Br\u00fcnieren.<\/p>\n<p>Der Zaponlack kann nur abgestaubt werden. Falls ein Fleck durch M\u00fccken o.\u00e4. entfernt werden muss, maximal mit leicht angefeuchtetem Baumwolltuch vorsichtig und nur auf dieser Stelle leicht reiben.<br \/>\nDer Zaponlack kann durch zu starken Druck durchgerieben werden.<br \/>\nAuf Wunsch k\u00f6nnen wir die Leuchten gegen Aufpreis auch mit 2K-Lack versiegeln.<br \/>\n<em>(s. weiter unten: 2K-Lackierung)<\/em>[\/vc_column_text][\/vc_tta_section][vc_tta_section title=\u00a0\u00bbIndividuelle Lackierung nach RAL Karte\u00a0\u00bb tab_id=\u00a0\u00bb1732864749019-7d45eda9-f61abeff-aee0&Prime;][vc_column_text css=\u00a0\u00bb\u00a0\u00bb]<img loading=\"lazy\" decoding=\"async\" class=\"alignleft\" style=\"width: 19%; height: auto; margin: 0 30px 16px 0;\" src=\"https:\/\/vs-manufaktur.de\/wp-content\/uploads\/2022\/03\/RAL-Auswahl.jpg\" alt=\"\" width=\"844\" height=\"507\" \/> Auf Wunsch k\u00f6nnen wir alle Leuchten nach RAL-Karte lackieren.<br \/>\nGl\u00e4nzend oder matt k\u00f6nnen die Farben anhand Wohnsituation ausgew\u00e4hlt werden.<br \/>\nOb RAL 6009 tannengr\u00fcn oder RAL 3015 hellrosa in matt oder gl\u00e4nzend spielt f\u00fcr uns keine Rolle.<\/p>\n<p><strong>Die Oberfl\u00e4chen sind mit einer 2K-Lackierung behandelt.<\/strong><br \/>\nSomit sehr robust und widerstandsf\u00e4hig gegen \u00e4u\u00dfere Einfl\u00fcsse.[\/vc_column_text][\/vc_tta_section][vc_tta_section title=\u00a0\u00bb2K-Lackierung transparent\u00a0\u00bb tab_id=\u00a0\u00bb1732864749052-78e3814e-0b31beff-aee0&Prime;][vc_column_text css=\u00a0\u00bb\u00a0\u00bb]Ein 2-Komponentenlack besteht aus Lack und H\u00e4rter (Autolack). Die robuste und widerstandsf\u00e4hige Oberfl\u00e4che versiegelt zudem das Messing vor dem l\u00e4ngerfristigen Anlaufen.<br \/>\nOhne genaueste Vorbehandlung ist keine Haftung auf poliertem Messing, Kupfer und Nickel m\u00f6glich.<br \/>\nSelbst gelernte Lackierer haben damit Probleme.<br \/>\nWir haben eine L\u00f6sung entwickelt und k\u00f6nnen das nun mit anbieten.<\/p>\n<p><strong>Oberfl\u00e4chen k\u00f6nnen gl\u00e4nzend oder matt lackiert werden.<\/strong><br \/>\nLeichte Kratzer bekommen Sie leicht mit einer Politur und einem Baumwolltuch raus.[\/vc_column_text][\/vc_tta_section][\/vc_tta_accordion][\/vc_column][\/vc_row][vc_row css=\u00a0\u00bb.vc_custom_1773086155128{margin-bottom: 35px !important;}\u00a0\u00bb][vc_column width=\u00a0\u00bb1\/5&Prime;][\/vc_column][vc_column width=\u00a0\u00bb1\/5&Prime;][vc_column_text css=\u00a0\u00bb\u00a0\u00bb el_class=\u00a0\u00bbKollektion_Auswahlbutton\u00a0\u00bb]<\/p>\n<p style=\"text-align: center;\"><a href=\"https:\/\/vs-manufaktur.de\/portfolio-category\/vs\/\">VS Manufaktur Kollektion<\/a><\/p>\n<p>[\/vc_column_text][\/vc_column][vc_column width=\u00a0\u00bb1\/5&Prime;][vc_column_text css=\u00a0\u00bb\u00a0\u00bb el_class=\u00a0\u00bbKollektion_Auswahlbutton\u00a0\u00bb]<\/p>\n<p style=\"text-align: center;\"><a href=\"https:\/\/vs-manufaktur.de\/kollektionen\/kollektion-florian-schulz\/\">Florian Schulz Kollektion<\/a><\/p>\n<p>[\/vc_column_text][\/vc_column][vc_column width=\u00a0\u00bb1\/5&Prime;][vc_column_text css=\u00a0\u00bb\u00a0\u00bb el_class=\u00a0\u00bbKollektion_Auswahlbutton\u00a0\u00bb]<\/p>\n<p style=\"text-align: center;\"><a href=\"https:\/\/vs-manufaktur.de\/kollektionen\/betec-kollektion\/\">BETEC Kollektion<\/a><\/p>\n<p>[\/vc_column_text][\/vc_column][vc_column width=\u00a0\u00bb1\/5&Prime;][\/vc_column][\/vc_row]<\/p>\n<\/div>","protected":false},"excerpt":{"rendered":"<p>[vc_row][vc_column width=\u00a0\u00bb1\/2&Prime;][vc_column_text css=\u00a0\u00bb\u00a0\u00bb] DUCTUS Bilderleuchte [\/vc_column_text][\/vc_column][vc_column width=\u00a0\u00bb1\/2&Prime;][\/vc_column][\/vc_row][vc_row][vc_column][vc_single_image image=\u00a0\u00bb14208&Prime; img_size=\u00a0\u00bbfull\u00a0\u00bb css=\u00a0\u00bb.vc_custom_1773753764627{margin-bottom: 10px !important;}\u00a0\u00bb][vc_single_image image=\u00a0\u00bb14210&Prime; img_size=\u00a0\u00bbfull\u00a0\u00bb css=\u00a0\u00bb.vc_custom_1773753774917{margin-bottom: 20px !important;}\u00a0\u00bb][vc_column_text css=\u00a0\u00bb\u00a0\u00bb] Designed by: Horst Lettenmayer Unsere Pult- und Wandleuchte wird in h\u00f6chster handwerklicher Pr\u00e4zision hergestellt. Hervorragend geeignet fu\u0308r Rednerpultbeleuchtung, Speisekarten- sowie Vitrinenbeleuchtung. Die Einbau-Steckbuchse kann in Materialst\u00e4rken von 5 bis 45 mm mit einer Bohrung von \u00d818 mm&hellip;<\/p>\n","protected":false},"author":2,"featured_media":0,"parent":11258,"menu_order":0,"comment_status":"closed","ping_status":"closed","template":"","meta":{"_acf_changed":false,"footnotes":""},"class_list":["post-14211","page","type-page","status-publish","hentry"],"translation":{"provider":"WPGlobus","version":"3.0.2","language":"fr","enabled_languages":["de","en","fr"],"languages":{"de":{"title":true,"content":true,"excerpt":false},"en":{"title":true,"content":true,"excerpt":false},"fr":{"title":false,"content":false,"excerpt":false}}},"acf":[],"aioseo_notices":[],"_links":{"self":[{"href":"https:\/\/vs-manufaktur.de\/fr\/wp-json\/wp\/v2\/pages\/14211","targetHints":{"allow":["GET"]}}],"collection":[{"href":"https:\/\/vs-manufaktur.de\/fr\/wp-json\/wp\/v2\/pages"}],"about":[{"href":"https:\/\/vs-manufaktur.de\/fr\/wp-json\/wp\/v2\/types\/page"}],"author":[{"embeddable":true,"href":"https:\/\/vs-manufaktur.de\/fr\/wp-json\/wp\/v2\/users\/2"}],"replies":[{"embeddable":true,"href":"https:\/\/vs-manufaktur.de\/fr\/wp-json\/wp\/v2\/comments?post=14211"}],"version-history":[{"count":14,"href":"https:\/\/vs-manufaktur.de\/fr\/wp-json\/wp\/v2\/pages\/14211\/revisions"}],"predecessor-version":[{"id":14270,"href":"https:\/\/vs-manufaktur.de\/fr\/wp-json\/wp\/v2\/pages\/14211\/revisions\/14270"}],"up":[{"embeddable":true,"href":"https:\/\/vs-manufaktur.de\/fr\/wp-json\/wp\/v2\/pages\/11258"}],"wp:attachment":[{"href":"https:\/\/vs-manufaktur.de\/fr\/wp-json\/wp\/v2\/media?parent=14211"}],"curies":[{"name":"wp","href":"https:\/\/api.w.org\/{rel}","templated":true}]}}