{"id":12461,"date":"2023-05-02T07:47:56","date_gmt":"2023-05-02T07:47:56","guid":{"rendered":"https:\/\/vs-manufaktur.de\/?page_id=12461"},"modified":"2023-05-02T07:48:31","modified_gmt":"2023-05-02T07:48:31","slug":"imagefilm-vs-manufaktur","status":"publish","type":"page","link":"https:\/\/vs-manufaktur.de\/fr\/imagefilm-vs-manufaktur\/","title":{"rendered":"Imagefilm VS Manufaktur"},"content":{"rendered":"<div class=\"wpb-content-wrapper\"><p>[vc_row full_width=\u00a0\u00bbstretch_row\u00a0\u00bb el_id=\u00a0\u00bbStart_Gewerke\u00a0\u00bb][vc_column][vc_column_text]<\/p>\n<h1 class=\"unterstrichen\">Einblick in unsere Werkstatt<\/h1>\n<p>[\/vc_column_text][vc_column_text]<\/p>\n<h4>Das G\u00fcrtler- und Metalldr\u00fccker-Handwerk <em>(heute: Metallbildner)<\/em> gibt es seit dem Mittelalter.<br \/>\nDie Urspr\u00fcnge unseres Unternehmens gehen bis ins 19. Jahrhundert zur\u00fcck.<\/h4>\n<h4>Dieses traditionelle Handwerk wird bis heute ausge\u00fcbt und mit modernen Fertigungsverfahren kombiniert.<br \/>\nLassen Sie sich durch unseren Imagefilm inspirieren.<\/h4>\n<p>[\/vc_column_text][vc_column_text]<video style=\"width: 100%; height: auto;\" controls=\"controls\" width=\"300\" height=\"150\"><source src=\"https:\/\/vs-manufaktur.de\/wp-content\/uploads\/Videos\/Imagefilm-VS-Manufaktur-Leuchten-hand-made.mp4\" type=\"video\/mp4\" \/>Your browser does not support the video tag.<\/video>[\/vc_column_text][vc_column_text]<\/p>\n<h1>Handarbeit \u2013 made in Germany.<\/h1>\n<p>[\/vc_column_text][\/vc_column][\/vc_row]<\/p>\n<\/div>","protected":false},"excerpt":{"rendered":"<p>[vc_row full_width=\u00a0\u00bbstretch_row\u00a0\u00bb el_id=\u00a0\u00bbStart_Gewerke\u00a0\u00bb][vc_column][vc_column_text] Einblick in unsere Werkstatt [\/vc_column_text][vc_column_text] Das G\u00fcrtler- und Metalldr\u00fccker-Handwerk (heute: Metallbildner) gibt es seit dem Mittelalter. Die Urspr\u00fcnge unseres Unternehmens gehen bis ins 19. Jahrhundert zur\u00fcck. Dieses traditionelle Handwerk wird bis heute ausge\u00fcbt und mit modernen Fertigungsverfahren kombiniert. Lassen Sie sich durch unseren Imagefilm inspirieren. [\/vc_column_text][vc_column_text]Your browser does not support the video&hellip;<\/p>\n","protected":false},"author":2,"featured_media":0,"parent":0,"menu_order":0,"comment_status":"closed","ping_status":"closed","template":"","meta":{"_acf_changed":false,"footnotes":""},"class_list":["post-12461","page","type-page","status-publish","hentry"],"translation":{"provider":"WPGlobus","version":"3.0.2","language":"fr","enabled_languages":["de","en","fr"],"languages":{"de":{"title":true,"content":true,"excerpt":false},"en":{"title":true,"content":true,"excerpt":false},"fr":{"title":false,"content":false,"excerpt":false}}},"acf":[],"aioseo_notices":[],"_links":{"self":[{"href":"https:\/\/vs-manufaktur.de\/fr\/wp-json\/wp\/v2\/pages\/12461","targetHints":{"allow":["GET"]}}],"collection":[{"href":"https:\/\/vs-manufaktur.de\/fr\/wp-json\/wp\/v2\/pages"}],"about":[{"href":"https:\/\/vs-manufaktur.de\/fr\/wp-json\/wp\/v2\/types\/page"}],"author":[{"embeddable":true,"href":"https:\/\/vs-manufaktur.de\/fr\/wp-json\/wp\/v2\/users\/2"}],"replies":[{"embeddable":true,"href":"https:\/\/vs-manufaktur.de\/fr\/wp-json\/wp\/v2\/comments?post=12461"}],"version-history":[{"count":2,"href":"https:\/\/vs-manufaktur.de\/fr\/wp-json\/wp\/v2\/pages\/12461\/revisions"}],"predecessor-version":[{"id":12463,"href":"https:\/\/vs-manufaktur.de\/fr\/wp-json\/wp\/v2\/pages\/12461\/revisions\/12463"}],"wp:attachment":[{"href":"https:\/\/vs-manufaktur.de\/fr\/wp-json\/wp\/v2\/media?parent=12461"}],"curies":[{"name":"wp","href":"https:\/\/api.w.org\/{rel}","templated":true}]}}