{"id":11992,"date":"2022-08-12T10:29:23","date_gmt":"2022-08-12T10:29:23","guid":{"rendered":"https:\/\/vs-manufaktur.de\/?page_id=11992"},"modified":"2022-09-08T10:11:42","modified_gmt":"2022-09-08T10:11:42","slug":"messingleuchten-in-handarbeit-hergestellt","status":"publish","type":"page","link":"https:\/\/vs-manufaktur.de\/fr\/messingleuchten-in-handarbeit-hergestellt\/","title":{"rendered":"Messingleuchten in Handarbeit hergestellt"},"content":{"rendered":"<div class=\"wpb-content-wrapper\"><p>[vc_row][vc_column][vc_column_text]<\/p>\n<h1>Sie suchen eine elegante Beleuchtung? Entdecken Sie unsere Messingleuchten<\/h1>\n<p><strong>Warum eine Messing Leuchte? Sicherlich kennen Sie folgende Situation: Sie haben Ihre Traumwohnung gefunden und viel Sorgfalt auf die Auswahl der M\u00f6bel und Farben verwendet. Allerdings will sich die gem\u00fctliche Atmosph\u00e4re noch nicht so richtig einstellen. Das liegt meist am Licht.<\/strong><\/p>\n<h2>Ein stilvolles und edles Ambiente durch unsere Messingleuchten<\/h2>\n<p>Messing war bei Leuchtenherstellern schon immer beliebt. Es ist ein stabiles Material, goldgl\u00e4nzend und kann sehr sch\u00f6n verziert werden. Mit einer Messingleuchte zaubern Sie ein stilvolles und\u00a0<strong>edles Ambiente<\/strong>\u00a0in Ihren Wohnraum. Unsere Messing Leuchten stehen f\u00fcr\u00a0<strong>lebenslangen Gebrauch<\/strong>. Unsere Messing Leuchten stellen wir in vielen verschiedenen Oberfl\u00e4chen her:<\/p>\n<div id=\"1646811335740-b628a5de-b59647e9-7ca99b44-315b\" class=\"vc_tta-panel\" data-vc-content=\".vc_tta-panel-body\">\n<div class=\"vc_tta-panel-heading\">\n<ul>\n<li class=\"vc_tta-panel-title vc_tta-controls-icon-position-left\"><span class=\"vc_tta-title-text\">Mp &#8211; Messing poliert, unlackiert<\/span><\/li>\n<li class=\"vc_tta-panel-title vc_tta-controls-icon-position-left\">Ms &#8211; Messing poliert, lackiert<\/li>\n<li class=\"vc_tta-panel-title vc_tta-controls-icon-position-left\">Mt &#8211; Messing matt geb\u00fcrstet, lackiert<\/li>\n<li class=\"vc_tta-panel-title vc_tta-controls-icon-position-left\">Ni &#8211; Messing vernickelt<\/li>\n<li class=\"vc_tta-panel-title vc_tta-controls-icon-position-left\">Nm &#8211; Messing vernickelt, matt geb\u00fcrstet<\/li>\n<li class=\"vc_tta-panel-title vc_tta-controls-icon-position-left\">Cr &#8211; Messing verchromt &#8211; unsere widerstandsf\u00e4higste Oberfl\u00e4che<\/li>\n<li class=\"vc_tta-panel-title vc_tta-controls-icon-position-left\">Cu &#8211; Messing verkupfert, lackiert<\/li>\n<li class=\"vc_tta-panel-title vc_tta-controls-icon-position-left\">Cm &#8211; Messing verkupfert, matt geb\u00fcrstet, lackiert<\/li>\n<li class=\"vc_tta-panel-title vc_tta-controls-icon-position-left\">Br &#8211; Messing br\u00fcniert, lackiert<\/li>\n<li class=\"vc_tta-panel-title vc_tta-controls-icon-position-left\">Bd &#8211; Messing dunkel br\u00fcniert, lackiert<\/li>\n<li class=\"vc_tta-panel-title vc_tta-controls-icon-position-left\">Individuelle Lackierung nach RAL Karte<\/li>\n<\/ul>\n<\/div>\n<\/div>\n<p>[\/vc_column_text][\/vc_column][\/vc_row][vc_row][vc_column width=\u00a0\u00bb1\/2&Prime;][vc_single_image image=\u00a0\u00bb11022&Prime; img_size=\u00a0\u00bbfull\u00a0\u00bb onclick=\u00a0\u00bbcustom_link\u00a0\u00bb link=\u00a0\u00bbhttps:\/\/vs-manufaktur.de\/portfolio\/duos-36-2022\/\u00a0\u00bb][\/vc_column][vc_column width=\u00a0\u00bb1\/2&Prime;][vc_single_image image=\u00a0\u00bb10986&Prime; img_size=\u00a0\u00bbfull\u00a0\u00bb onclick=\u00a0\u00bbcustom_link\u00a0\u00bb link=\u00a0\u00bbhttps:\/\/vs-manufaktur.de\/portfolio\/era\/\u00a0\u00bb][\/vc_column][\/vc_row][vc_row][vc_column][vc_column_text]<\/p>\n<h3>Unsere Messing Leuchten \u00fcberzeugen durch hochwertige Qualit\u00e4t<\/h3>\n<p>Egal ob Sie eine Deckenleuchte, Wandleuchte oder einen Raumstrahler suchen. Wer sich f\u00fcr unsere Messing Leuchten im <strong>raffinierten Design<\/strong>\u00a0entscheidet, wird das nicht bereuen. Wir garantieren Ihnen eine hochwertige Qualit\u00e4t f\u00fcr einen lebenslangen Gebrauch. Wir bieten Ihnen auch die M\u00f6glichkeit, Ihre Messing Leuchte aufzuarbeiten. Auch noch nach Jahren.[\/vc_column_text][\/vc_column][\/vc_row][vc_row][vc_column width=\u00a0\u00bb1\/2&Prime;][vc_single_image image=\u00a0\u00bb11548&Prime; img_size=\u00a0\u00bbfull\u00a0\u00bb onclick=\u00a0\u00bbcustom_link\u00a0\u00bb link=\u00a0\u00bbhttps:\/\/vs-manufaktur.de\/impressionen\/\u00a0\u00bb][\/vc_column][vc_column width=\u00a0\u00bb1\/2&Prime;][vc_single_image image=\u00a0\u00bb11566&Prime; img_size=\u00a0\u00bbfull\u00a0\u00bb onclick=\u00a0\u00bbcustom_link\u00a0\u00bb link=\u00a0\u00bbhttps:\/\/vs-manufaktur.de\/impressionen\/\u00a0\u00bb][\/vc_column][\/vc_row][vc_row][vc_column][vc_column_text]<\/p>\n<div id=\"1646811335740-b628a5de-b59647e9-7ca99b44-315b\" class=\"vc_tta-panel\" data-vc-content=\".vc_tta-panel-body\">\n<div class=\"vc_tta-panel-heading\">\n<p><strong>Die Messingoberfl\u00e4che wird in f\u00fcnf aufwendigen Arbeitsg\u00e4ngen poliert.<\/strong> Danach wird sie traditionell durch einen Klarlack gesch\u00fctzt. Dieser Lack bringt jedoch den Nachteil mit sich, dass er viel schneller unansehnlicher wird, als das Messing selbst. Aus diesem Grund bieten wir unsere Messing Leuchten auch unlackiert an. Mit dem handels\u00fcblichen Metallpolish l\u00e4sst sich unlackiertes Metall schnell wieder regenerieren. So erstrahlt Ihre <strong>Messing Leuchte<\/strong>\u00a0immer in vollem Glanz.<\/p>\n<\/div>\n<\/div>\n<p>[\/vc_column_text][\/vc_column][\/vc_row][vc_row css=\u00a0\u00bb.vc_custom_1660556294542{margin-top: 30px !important;margin-right: 10% !important;margin-bottom: 40px !important;margin-left: 10% !important;}\u00a0\u00bb][vc_column][vc_column_text]<\/p>\n<h1 style=\"text-align: center;\">Weitere Modelle finden Sie auf den jeweiligen Unterseiten der Kollektionen<\/h1>\n<p>[\/vc_column_text][vc_row_inner][vc_column_inner width=\u00a0\u00bb1\/3&Prime;][vc_column_text el_class=\u00a0\u00bbKollektion_Auswahlbutton\u00a0\u00bb]<a href=\"https:\/\/vs-manufaktur.de\/portfolio-category\/vs\/\">VS Manufaktur Kollektion<\/a>[\/vc_column_text][\/vc_column_inner][vc_column_inner width=\u00a0\u00bb1\/3&Prime;][vc_column_text el_class=\u00a0\u00bbKollektion_Auswahlbutton\u00a0\u00bb]<a href=\"https:\/\/vs-manufaktur.de\/kollektionen\/kollektion-florian-schulz\/\">Florian Schulz Kollektion<\/a>[\/vc_column_text][\/vc_column_inner][vc_column_inner width=\u00a0\u00bb1\/3&Prime;][vc_column_text el_class=\u00a0\u00bbKollektion_Auswahlbutton\u00a0\u00bb]<a href=\"https:\/\/vs-manufaktur.de\/alle-modelle\/\">\u00dcbersicht beider Kollektionen<\/a>[\/vc_column_text][\/vc_column_inner][\/vc_row_inner][\/vc_column][\/vc_row]<\/p>\n<\/div>","protected":false},"excerpt":{"rendered":"<p>[vc_row][vc_column][vc_column_text] Sie suchen eine elegante Beleuchtung? Entdecken Sie unsere Messingleuchten Warum eine Messing Leuchte? Sicherlich kennen Sie folgende Situation: Sie haben Ihre Traumwohnung gefunden und viel Sorgfalt auf die Auswahl der M\u00f6bel und Farben verwendet. Allerdings will sich die gem\u00fctliche Atmosph\u00e4re noch nicht so richtig einstellen. Das liegt meist am Licht. Ein stilvolles und edles&hellip;<\/p>\n","protected":false},"author":2,"featured_media":0,"parent":0,"menu_order":0,"comment_status":"closed","ping_status":"closed","template":"","meta":{"_acf_changed":false,"footnotes":""},"class_list":["post-11992","page","type-page","status-publish","hentry"],"translation":{"provider":"WPGlobus","version":"3.0.2","language":"fr","enabled_languages":["de","en","fr"],"languages":{"de":{"title":true,"content":true,"excerpt":false},"en":{"title":true,"content":true,"excerpt":false},"fr":{"title":false,"content":false,"excerpt":false}}},"acf":[],"aioseo_notices":[],"_links":{"self":[{"href":"https:\/\/vs-manufaktur.de\/fr\/wp-json\/wp\/v2\/pages\/11992","targetHints":{"allow":["GET"]}}],"collection":[{"href":"https:\/\/vs-manufaktur.de\/fr\/wp-json\/wp\/v2\/pages"}],"about":[{"href":"https:\/\/vs-manufaktur.de\/fr\/wp-json\/wp\/v2\/types\/page"}],"author":[{"embeddable":true,"href":"https:\/\/vs-manufaktur.de\/fr\/wp-json\/wp\/v2\/users\/2"}],"replies":[{"embeddable":true,"href":"https:\/\/vs-manufaktur.de\/fr\/wp-json\/wp\/v2\/comments?post=11992"}],"version-history":[{"count":9,"href":"https:\/\/vs-manufaktur.de\/fr\/wp-json\/wp\/v2\/pages\/11992\/revisions"}],"predecessor-version":[{"id":12100,"href":"https:\/\/vs-manufaktur.de\/fr\/wp-json\/wp\/v2\/pages\/11992\/revisions\/12100"}],"wp:attachment":[{"href":"https:\/\/vs-manufaktur.de\/fr\/wp-json\/wp\/v2\/media?parent=11992"}],"curies":[{"name":"wp","href":"https:\/\/api.w.org\/{rel}","templated":true}]}}