{"id":11988,"date":"2022-08-12T10:28:11","date_gmt":"2022-08-12T10:28:11","guid":{"rendered":"https:\/\/vs-manufaktur.de\/?page_id=11988"},"modified":"2023-09-29T14:24:28","modified_gmt":"2023-09-29T14:24:28","slug":"leuchtenhersteller","status":"publish","type":"page","link":"https:\/\/vs-manufaktur.de\/fr\/leuchtenhersteller\/","title":{"rendered":"Leuchtenhersteller"},"content":{"rendered":"<div class=\"wpb-content-wrapper\"><p>[vc_row][vc_column][vc_column_text]<\/p>\n<h1>Als Leuchtenhersteller bieten wir Ihnen hochwertige Leuchten f\u00fcr jeden Lebensbereich<\/h1>\n<p><strong>Sie suchen eine hochwertige Beleuchtung? Wir sind der Leuchtenhersteller f\u00fcr Leuchten und Lampen f\u00fcr Ihren individuellen Bedarf. Entdecken Sie unsere gro\u00dfe Vielfalt an Beleuchtungen und schaffen Sie sich mit dem richtigen Licht ein unvergleichliches Wohlf\u00fchlambiete.<\/strong><\/p>\n<h2>Sie suchen noch die passende Beleuchtung? Dann sind Sie bei der VS Manufaktur genau richtig!<\/h2>\n<p><b>Die VS Manufaktur mit Sitz in S\u00fcddeutschland<\/b>\u00a0ist ein kleiner Hersteller hochwertiger Lampen und Leuchten. Alle Produkte fertigen wir von Hand an und garantieren Ihnen damit eine erstklassige Fertigungsqualit\u00e4t. Wir als Leuchtenhersteller haben uns zur Aufgabe gemacht, Leuchten anzufertigen, die Bestand haben: durch eine\u00a0<strong>zeitlose Gestaltung<\/strong>\u00a0und durch eine handwerklich erstklassige Ausf\u00fchrung. Die Beleuchtung von R\u00e4umen spielt eine sehr wichtige Rolle. Erst mit den richtigen Lampen schaffen Sie ein gem\u00fctliches Ambiente. Wir als Leuchtenhersteller bieten Ihnen zahlreiche Varianten und M\u00f6glichkeiten, um Ihr Wohlbefinden mit zweckm\u00e4\u00dfigem Licht zu vereinen. Denn: Mit der richtigen Beleuchtung werden Ihre eigenen vier W\u00e4nde zu einem gem\u00fctlichen Heim.<\/p>\n<p>Sie suchen einen\u00a0<strong>kreativen Leuchtenhersteller<\/strong>, der seine Produkte von Hand fertigt? Mit uns haben Sie den richtigen Ansprechpartner gefunden! Unabh\u00e4ngig davon, ob Sie eine extravagante Tischleuchte oder eine besondere Deckenleuchte suchen. Als\u00a0<strong>Leuchtenhersteller<\/strong>\u00a0verstehen wir es, Ihnen ein erfrischendes Design bei\u00a0<strong>hoher Qualit\u00e4t<\/strong> zu bieten. Mit jeder Leuchte garantieren wir Ihnen ein angenehmes und stimmungsvolles Licht. Unsere verschiedenen Leuchten laden zum Wohlf\u00fchlen ein.<\/p>\n<p>Wir bieten Ihnen stilvolle:[\/vc_column_text][\/vc_column][\/vc_row][vc_row][vc_column width=\u00a0\u00bb1\/5&Prime; el_class=\u00a0\u00bbKollektion_Auswahlrahmen\u00a0\u00bb][vc_single_image image=\u00a0\u00bb11742&Prime; img_size=\u00a0\u00bbfull\u00a0\u00bb alignment=\u00a0\u00bbcenter\u00a0\u00bb onclick=\u00a0\u00bbcustom_link\u00a0\u00bb link=\u00a0\u00bbhttps:\/\/vs-manufaktur.de\/alle-modelle\/\u00a0\u00bb][vc_column_text]<\/p>\n<p style=\"text-align: center;\"><a href=\"https:\/\/vs-manufaktur.de\/alle-modelle\/\">Leuchter<\/a><\/p>\n<p>[\/vc_column_text][\/vc_column][vc_column width=\u00a0\u00bb1\/5&Prime; el_class=\u00a0\u00bbKollektion_Auswahlrahmen\u00a0\u00bb][vc_single_image image=\u00a0\u00bb11284&Prime; img_size=\u00a0\u00bbfull\u00a0\u00bb alignment=\u00a0\u00bbcenter\u00a0\u00bb onclick=\u00a0\u00bbcustom_link\u00a0\u00bb link=\u00a0\u00bbhttps:\/\/vs-manufaktur.de\/alle-modelle\/\u00a0\u00bb][vc_column_text]<\/p>\n<p style=\"text-align: center;\"><a href=\"https:\/\/vs-manufaktur.de\/alle-modelle\/\">Raumstrahler<\/a><\/p>\n<p>[\/vc_column_text][\/vc_column][vc_column width=\u00a0\u00bb1\/5&Prime; el_class=\u00a0\u00bbKollektion_Auswahlrahmen\u00a0\u00bb][vc_single_image image=\u00a0\u00bb11285&Prime; img_size=\u00a0\u00bbfull\u00a0\u00bb alignment=\u00a0\u00bbcenter\u00a0\u00bb onclick=\u00a0\u00bbcustom_link\u00a0\u00bb link=\u00a0\u00bbhttps:\/\/vs-manufaktur.de\/alle-modelle\/\u00a0\u00bb][vc_column_text]<\/p>\n<p style=\"text-align: center;\"><a href=\"https:\/\/vs-manufaktur.de\/alle-modelle\/\">Bogenstehleuchten<\/a><\/p>\n<p>[\/vc_column_text][\/vc_column][vc_column width=\u00a0\u00bb1\/5&Prime; el_class=\u00a0\u00bbKollektion_Auswahlrahmen\u00a0\u00bb][vc_single_image image=\u00a0\u00bb11286&Prime; img_size=\u00a0\u00bbfull\u00a0\u00bb alignment=\u00a0\u00bbcenter\u00a0\u00bb onclick=\u00a0\u00bbcustom_link\u00a0\u00bb link=\u00a0\u00bbhttps:\/\/vs-manufaktur.de\/alle-modelle\/\u00a0\u00bb][vc_column_text]<\/p>\n<p style=\"text-align: center;\"><a href=\"https:\/\/vs-manufaktur.de\/alle-modelle\/\">Leseleuchten<\/a><\/p>\n<p>[\/vc_column_text][\/vc_column][vc_column width=\u00a0\u00bb1\/5&Prime; el_class=\u00a0\u00bbKollektion_Auswahlrahmen\u00a0\u00bb][vc_single_image image=\u00a0\u00bb11287&Prime; img_size=\u00a0\u00bbfull\u00a0\u00bb alignment=\u00a0\u00bbcenter\u00a0\u00bb onclick=\u00a0\u00bbcustom_link\u00a0\u00bb link=\u00a0\u00bbhttps:\/\/vs-manufaktur.de\/alle-modelle\/\u00a0\u00bb][vc_column_text]<\/p>\n<p style=\"text-align: center;\"><a href=\"https:\/\/vs-manufaktur.de\/alle-modelle\/\">Tischleuchten<\/a><\/p>\n<p>[\/vc_column_text][\/vc_column][\/vc_row][vc_row][vc_column width=\u00a0\u00bb1\/5&Prime; el_class=\u00a0\u00bbKollektion_Auswahlrahmen\u00a0\u00bb][vc_single_image image=\u00a0\u00bb11288&Prime; img_size=\u00a0\u00bbfull\u00a0\u00bb alignment=\u00a0\u00bbcenter\u00a0\u00bb onclick=\u00a0\u00bbcustom_link\u00a0\u00bb link=\u00a0\u00bbhttps:\/\/vs-manufaktur.de\/alle-modelle\/\u00a0\u00bb][vc_column_text]<\/p>\n<p style=\"text-align: center;\"><a href=\"https:\/\/vs-manufaktur.de\/alle-modelle\/\">Wandleuchten<\/a><\/p>\n<p>[\/vc_column_text][\/vc_column][vc_column width=\u00a0\u00bb1\/5&Prime; el_class=\u00a0\u00bbKollektion_Auswahlrahmen\u00a0\u00bb][vc_single_image image=\u00a0\u00bb11289&Prime; img_size=\u00a0\u00bbfull\u00a0\u00bb alignment=\u00a0\u00bbcenter\u00a0\u00bb onclick=\u00a0\u00bbcustom_link\u00a0\u00bb link=\u00a0\u00bbhttps:\/\/vs-manufaktur.de\/alle-modelle\/\u00a0\u00bb][vc_column_text]<\/p>\n<p style=\"text-align: center;\"><a href=\"https:\/\/vs-manufaktur.de\/alle-modelle\/\">Deckenleuchten<\/a><\/p>\n<p>[\/vc_column_text][\/vc_column][vc_column width=\u00a0\u00bb1\/5&Prime; el_class=\u00a0\u00bbKollektion_Auswahlrahmen\u00a0\u00bb][vc_single_image image=\u00a0\u00bb11290&Prime; img_size=\u00a0\u00bbfull\u00a0\u00bb alignment=\u00a0\u00bbcenter\u00a0\u00bb onclick=\u00a0\u00bbcustom_link\u00a0\u00bb link=\u00a0\u00bbhttps:\/\/vs-manufaktur.de\/alle-modelle\/\u00a0\u00bb][vc_column_text]<\/p>\n<p style=\"text-align: center;\"><a href=\"https:\/\/vs-manufaktur.de\/alle-modelle\/\">Pendelzugleuchten<\/a><\/p>\n<p>[\/vc_column_text][\/vc_column][vc_column width=\u00a0\u00bb1\/5&Prime; el_class=\u00a0\u00bbKollektion_Auswahlrahmen\u00a0\u00bb][vc_single_image image=\u00a0\u00bb11293&Prime; img_size=\u00a0\u00bbfull\u00a0\u00bb alignment=\u00a0\u00bbcenter\u00a0\u00bb onclick=\u00a0\u00bbcustom_link\u00a0\u00bb link=\u00a0\u00bbhttps:\/\/vs-manufaktur.de\/alle-modelle\/\u00a0\u00bb][vc_column_text]<\/p>\n<p style=\"text-align: center;\"><a href=\"https:\/\/vs-manufaktur.de\/alle-modelle\/\">Pendelleuchten<\/a><\/p>\n<p>[\/vc_column_text][\/vc_column][vc_column width=\u00a0\u00bb1\/5&Prime; el_class=\u00a0\u00bbKollektion_Auswahlrahmen\u00a0\u00bb][vc_single_image image=\u00a0\u00bb11292&Prime; img_size=\u00a0\u00bbfull\u00a0\u00bb alignment=\u00a0\u00bbcenter\u00a0\u00bb onclick=\u00a0\u00bbcustom_link\u00a0\u00bb link=\u00a0\u00bbhttps:\/\/vs-manufaktur.de\/alle-modelle\/\u00a0\u00bb][vc_column_text]<\/p>\n<p style=\"text-align: center;\"><a href=\"https:\/\/vs-manufaktur.de\/alle-modelle\/\">Strahler<\/a><\/p>\n<p>[\/vc_column_text][\/vc_column][\/vc_row][vc_row][vc_column][vc_column_text css=\u00a0\u00bb.vc_custom_1660895933282{margin-top: 30px !important;}\u00a0\u00bb]<\/p>\n<p style=\"text-align: center;\">St\u00f6bern Sie durch unser vielf\u00e4ltiges Produktsortiment. Unabh\u00e4ngig davon, ob Sie ein edles, klassisches Design oder etwas ausgefallenes suchen. Hier ist f\u00fcr jeden Geschmack etwas dabei. Wir freuen uns auf Sie!<\/p>\n<p>[\/vc_column_text][\/vc_column][\/vc_row][vc_row css=\u00a0\u00bb.vc_custom_1660556294542{margin-top: 30px !important;margin-right: 10% !important;margin-bottom: 40px !important;margin-left: 10% !important;}\u00a0\u00bb][vc_column][vc_column_text]<\/p>\n<h1 style=\"text-align: center;\">Weitere Modelle finden Sie auf den jeweiligen Unterseiten der Kollektionen<\/h1>\n<p>[\/vc_column_text][vc_row_inner][vc_column_inner width=\u00a0\u00bb1\/3&Prime;][vc_column_text el_class=\u00a0\u00bbKollektion_Auswahlbutton\u00a0\u00bb]<a href=\"https:\/\/vs-manufaktur.de\/portfolio-category\/vs\/\">VS Manufaktur Kollektion<\/a>[\/vc_column_text][\/vc_column_inner][vc_column_inner width=\u00a0\u00bb1\/3&Prime;][vc_column_text el_class=\u00a0\u00bbKollektion_Auswahlbutton\u00a0\u00bb]<a href=\"https:\/\/vs-manufaktur.de\/kollektionen\/kollektion-florian-schulz\/\">Florian Schulz Kollektion<\/a>[\/vc_column_text][\/vc_column_inner][vc_column_inner width=\u00a0\u00bb1\/3&Prime;][vc_column_text el_class=\u00a0\u00bbKollektion_Auswahlbutton\u00a0\u00bb]<a href=\"https:\/\/vs-manufaktur.de\/alle-modelle\/\">\u00dcbersicht beider Kollektionen<\/a>[\/vc_column_text][\/vc_column_inner][\/vc_row_inner][\/vc_column][\/vc_row]<\/p>\n<\/div>","protected":false},"excerpt":{"rendered":"<p>[vc_row][vc_column][vc_column_text] Als Leuchtenhersteller bieten wir Ihnen hochwertige Leuchten f\u00fcr jeden Lebensbereich Sie suchen eine hochwertige Beleuchtung? Wir sind der Leuchtenhersteller f\u00fcr Leuchten und Lampen f\u00fcr Ihren individuellen Bedarf. Entdecken Sie unsere gro\u00dfe Vielfalt an Beleuchtungen und schaffen Sie sich mit dem richtigen Licht ein unvergleichliches Wohlf\u00fchlambiete. Sie suchen noch die passende Beleuchtung? Dann sind Sie&hellip;<\/p>\n","protected":false},"author":2,"featured_media":0,"parent":0,"menu_order":0,"comment_status":"closed","ping_status":"closed","template":"","meta":{"_acf_changed":false,"footnotes":""},"class_list":["post-11988","page","type-page","status-publish","hentry"],"translation":{"provider":"WPGlobus","version":"3.0.2","language":"fr","enabled_languages":["de","en","fr"],"languages":{"de":{"title":true,"content":true,"excerpt":false},"en":{"title":true,"content":true,"excerpt":false},"fr":{"title":false,"content":false,"excerpt":false}}},"acf":[],"aioseo_notices":[],"_links":{"self":[{"href":"https:\/\/vs-manufaktur.de\/fr\/wp-json\/wp\/v2\/pages\/11988","targetHints":{"allow":["GET"]}}],"collection":[{"href":"https:\/\/vs-manufaktur.de\/fr\/wp-json\/wp\/v2\/pages"}],"about":[{"href":"https:\/\/vs-manufaktur.de\/fr\/wp-json\/wp\/v2\/types\/page"}],"author":[{"embeddable":true,"href":"https:\/\/vs-manufaktur.de\/fr\/wp-json\/wp\/v2\/users\/2"}],"replies":[{"embeddable":true,"href":"https:\/\/vs-manufaktur.de\/fr\/wp-json\/wp\/v2\/comments?post=11988"}],"version-history":[{"count":14,"href":"https:\/\/vs-manufaktur.de\/fr\/wp-json\/wp\/v2\/pages\/11988\/revisions"}],"predecessor-version":[{"id":12863,"href":"https:\/\/vs-manufaktur.de\/fr\/wp-json\/wp\/v2\/pages\/11988\/revisions\/12863"}],"wp:attachment":[{"href":"https:\/\/vs-manufaktur.de\/fr\/wp-json\/wp\/v2\/media?parent=11988"}],"curies":[{"name":"wp","href":"https:\/\/api.w.org\/{rel}","templated":true}]}}