{"id":11978,"date":"2022-08-12T10:02:49","date_gmt":"2022-08-12T10:02:49","guid":{"rendered":"https:\/\/vs-manufaktur.de\/?page_id=11978"},"modified":"2023-09-29T14:16:46","modified_gmt":"2023-09-29T14:16:46","slug":"indirekte-deckenbeleuchtung","status":"publish","type":"page","link":"https:\/\/vs-manufaktur.de\/fr\/indirekte-deckenbeleuchtung\/","title":{"rendered":"Indirekte Deckenbeleuchtung"},"content":{"rendered":"<div class=\"wpb-content-wrapper\"><p>[vc_row][vc_column][vc_column_text]<\/p>\n<h1>Deckenleuchten: F\u00fcr jeden Geschmack etwas dabei<\/h1>\n<p><strong>Eine indirekte Deckenbeleuchtung hat meist ein unauff\u00e4lliges Erscheinungsbild, setzt aber stilvolle r\u00e4umliche Akzente. Schaffen Sie unterschiedliche Lichtinseln in Ihren Wohnr\u00e4umen. Durch spezielle Lichtakzente versetzen indirekte Deckenbeleuchtungen ihre Betrachter in unterschiedliche Stimmungen.<\/strong><\/p>\n<h2>Gro\u00dfe Auswahl an Deckenleuchten bei der VS Manufaktur<\/h2>\n<p>Eine Wohnung ohne Beleuchtung? Unvorstellbar! Ein Muss f\u00fcr R\u00e4ume sind Lampen und Leuchten. Hierbei steht nicht nur die funktionale Beleuchtung im Vordergrund. Es geht auch darum, in unser Zuhause eine wohlige Atmosph\u00e4re zu zaubern. Mit unserer\u00a0<strong>indirekten\u00a0<\/strong><strong>Deckenbeleuchtung<\/strong>\u00a0vermitteln Sie W\u00e4rme und angenehmes Licht. Eine indirekte Deckenbeleuchtung ist universell einsetzbar. Ihr Schlafzimmer ist beispielsweise ein Ort der Ruhe. Dort m\u00f6chten Sie sich erholen und deshalb sollte das Schlafzimmer nicht von zu direkten Lichtquellen dominiert werden. Eine indirekte Deckenbeleuchtung ist hier ein sehr guter Kompromiss. Indirekte Deckenbeleuchtungen \u00fcberzeugen durch ihr\u00a0<strong>angenehmes Licht<\/strong>\u00a0und haben zus\u00e4tzlich einen\u00a0<strong>dekorativen Aspekt<\/strong>. Sie haben den Vorteil, dass Sie die indirekte Deckenbeleuchtung individuell einstellen k\u00f6nnen. Bei Bedarf k\u00f6nnen Sie Ihre Beleuchtung beispielsweise zum Lesen auf das Bett richten.<\/p>\n<p>[\/vc_column_text][\/vc_column][\/vc_row][vc_row][vc_column width=\u00a0\u00bb1\/2&Prime;][vc_single_image image=\u00a0\u00bb11002&Prime; img_size=\u00a0\u00bbfull\u00a0\u00bb onclick=\u00a0\u00bbcustom_link\u00a0\u00bb link=\u00a0\u00bbhttps:\/\/vs-manufaktur.de\/portfolio\/sela\/\u00a0\u00bb][vc_column_text]<\/p>\n<h1><a href=\"https:\/\/vs-manufaktur.de\/portfolio\/sela\/\">SELA<\/a><\/h1>\n<p><strong>Deckenleuchte<\/strong><br \/>\n<strong>indirekt und durch Glasdiffusor direkt strahlend<\/strong>[\/vc_column_text][\/vc_column][vc_column width=\u00a0\u00bb1\/2&Prime;][vc_single_image image=\u00a0\u00bb11004&Prime; img_size=\u00a0\u00bbfull\u00a0\u00bb onclick=\u00a0\u00bbcustom_link\u00a0\u00bb link=\u00a0\u00bbhttps:\/\/vs-manufaktur.de\/portfolio\/sola\/\u00a0\u00bb][vc_column_text]<\/p>\n<h1><a href=\"https:\/\/vs-manufaktur.de\/portfolio\/sola\/\">SOLA 80<\/a><\/h1>\n<p><strong>Deckenleuchte<\/strong><br \/>\n<strong>indirekt und durch Glasdiffusor direkt strahlend<\/strong>[\/vc_column_text][\/vc_column][\/vc_row][vc_row css=\u00a0\u00bb.vc_custom_1660906177558{margin-top: 50px !important;}\u00a0\u00bb][vc_column][vc_column_text]<\/p>\n<h3>Eine indirekte Deckenbeleuchtung zaubert ein stilvolles Ambiente<\/h3>\n<p>Mit der passenden indirekten Deckenbeleuchtung k\u00f6nnen Sie Ihre vier W\u00e4nde besonders gut zur Geltung bringen. So k\u00f6nnen Sie den Stil Ihrer Einrichtung unterstreichen. Eine indirekte Deckenleuchte entfaltet ihre volle Wirkung, wenn Sie passend zu M\u00f6beln, Farbe und Tapeten ausgesucht wird. Indirekte Deckenbeleuchtungen runden das Ambiente Ihres Raumes ab und schaffen eine\u00a0<strong>stilvolle Atmosph\u00e4re<\/strong>. Doch daf\u00fcr ist nicht nur das Licht verantwortlich. Es kommt auch immer darauf an, wie die Lichtquelle verpackt ist. Mit unseren stilvollen Leuchten kr\u00f6nen Sie das besondere Flair Ihrer Wohnung. Unsere indirekte Deckenbeleuchtung steht f\u00fcr ein gehobenes Ambiente.[\/vc_column_text][\/vc_column][\/vc_row][vc_row css=\u00a0\u00bb.vc_custom_1660556294542{margin-top: 30px !important;margin-right: 10% !important;margin-bottom: 40px !important;margin-left: 10% !important;}\u00a0\u00bb][vc_column][vc_column_text]<\/p>\n<h1 style=\"text-align: center;\">Weitere Modelle finden Sie auf den jeweiligen Unterseiten der Kollektionen<\/h1>\n<p>[\/vc_column_text][vc_row_inner][vc_column_inner width=\u00a0\u00bb1\/3&Prime;][vc_column_text el_class=\u00a0\u00bbKollektion_Auswahlbutton\u00a0\u00bb]<a href=\"https:\/\/vs-manufaktur.de\/portfolio-category\/vs\/\">VS Manufaktur Kollektion<\/a>[\/vc_column_text][\/vc_column_inner][vc_column_inner width=\u00a0\u00bb1\/3&Prime;][vc_column_text el_class=\u00a0\u00bbKollektion_Auswahlbutton\u00a0\u00bb]<a href=\"https:\/\/vs-manufaktur.de\/kollektionen\/kollektion-florian-schulz\/\">Florian Schulz Kollektion<\/a>[\/vc_column_text][\/vc_column_inner][vc_column_inner width=\u00a0\u00bb1\/3&Prime;][vc_column_text el_class=\u00a0\u00bbKollektion_Auswahlbutton\u00a0\u00bb]<a href=\"https:\/\/vs-manufaktur.de\/alle-modelle\/\">\u00dcbersicht beider Kollektionen<\/a>[\/vc_column_text][\/vc_column_inner][\/vc_row_inner][\/vc_column][\/vc_row]<\/p>\n<\/div>","protected":false},"excerpt":{"rendered":"<p>[vc_row][vc_column][vc_column_text] Deckenleuchten: F\u00fcr jeden Geschmack etwas dabei Eine indirekte Deckenbeleuchtung hat meist ein unauff\u00e4lliges Erscheinungsbild, setzt aber stilvolle r\u00e4umliche Akzente. Schaffen Sie unterschiedliche Lichtinseln in Ihren Wohnr\u00e4umen. Durch spezielle Lichtakzente versetzen indirekte Deckenbeleuchtungen ihre Betrachter in unterschiedliche Stimmungen. Gro\u00dfe Auswahl an Deckenleuchten bei der VS Manufaktur Eine Wohnung ohne Beleuchtung? Unvorstellbar! Ein Muss f\u00fcr R\u00e4ume&hellip;<\/p>\n","protected":false},"author":2,"featured_media":0,"parent":0,"menu_order":0,"comment_status":"closed","ping_status":"closed","template":"","meta":{"_acf_changed":false,"footnotes":""},"class_list":["post-11978","page","type-page","status-publish","hentry"],"translation":{"provider":"WPGlobus","version":"3.0.2","language":"fr","enabled_languages":["de","en","fr"],"languages":{"de":{"title":true,"content":true,"excerpt":false},"en":{"title":true,"content":true,"excerpt":false},"fr":{"title":false,"content":false,"excerpt":false}}},"acf":[],"aioseo_notices":[],"_links":{"self":[{"href":"https:\/\/vs-manufaktur.de\/fr\/wp-json\/wp\/v2\/pages\/11978","targetHints":{"allow":["GET"]}}],"collection":[{"href":"https:\/\/vs-manufaktur.de\/fr\/wp-json\/wp\/v2\/pages"}],"about":[{"href":"https:\/\/vs-manufaktur.de\/fr\/wp-json\/wp\/v2\/types\/page"}],"author":[{"embeddable":true,"href":"https:\/\/vs-manufaktur.de\/fr\/wp-json\/wp\/v2\/users\/2"}],"replies":[{"embeddable":true,"href":"https:\/\/vs-manufaktur.de\/fr\/wp-json\/wp\/v2\/comments?post=11978"}],"version-history":[{"count":11,"href":"https:\/\/vs-manufaktur.de\/fr\/wp-json\/wp\/v2\/pages\/11978\/revisions"}],"predecessor-version":[{"id":12859,"href":"https:\/\/vs-manufaktur.de\/fr\/wp-json\/wp\/v2\/pages\/11978\/revisions\/12859"}],"wp:attachment":[{"href":"https:\/\/vs-manufaktur.de\/fr\/wp-json\/wp\/v2\/media?parent=11978"}],"curies":[{"name":"wp","href":"https:\/\/api.w.org\/{rel}","templated":true}]}}