{"id":11968,"date":"2022-08-12T09:52:49","date_gmt":"2022-08-12T09:52:49","guid":{"rendered":"https:\/\/vs-manufaktur.de\/?page_id=11968"},"modified":"2022-09-09T08:17:48","modified_gmt":"2022-09-09T08:17:48","slug":"bogenstehleuchten","status":"publish","type":"page","link":"https:\/\/vs-manufaktur.de\/fr\/bogenstehleuchten\/","title":{"rendered":"Bogenstehleuchten"},"content":{"rendered":"<div class=\"wpb-content-wrapper\"><p>[vc_row][vc_column][vc_column_text]<\/p>\n<h1>Bogenstehleuchten f\u00fcr das noble Ambiente<\/h1>\n<p><strong>Eine Bogenstehleuchte bietet Ihnen viele Vorteile. Sie k\u00f6nnen damit indirektes Licht erzeugen, indem sie Ihre Bogenstehleuchte gegen Decken- oder Wandfl\u00e4chen richten. Zudem ist eine Bogenstehlampe beweglich und kann Ihnen als Leselampe dienen. Damit ist sie sowohl praktisch als auch \u00e4sthetisch<\/strong><\/p>\n<h2>Angenehmes Licht f\u00fcr Ihr Zuhause durch die passende Bogenstehleuchte<\/h2>\n<p>Unabh\u00e4ngig davon, ob Sie eine Bogenstehleuchte f\u00fcr Ihr Wohnzimmer oder f\u00fcr Ihre Gesch\u00e4ftsr\u00e4ume suchen. Sie sorgt immer f\u00fcr ein<strong>\u00a0nobles Ambiente.<\/strong>\u00a0Bogenstehleuchten eignen sich aber auch f\u00fcr nahezu jeden Raum des Hauses. Sie spenden beispielsweise Licht in schmalen Fluren, ohne dabei im Weg zu sein. Eine Bogenstehlampe k\u00f6nnen Sie sehr einfach transportieren und immer wieder umstellen. Unser<strong>\u00a0edles Design<\/strong> passt zu jeder Einrichtung. Ein ganzer Raum l\u00e4sst sich bei Bedarf mit einer Bogenstehleuchte beleuchten. So sparen Sie zus\u00e4tzlich Energie. Sie setzen wundersch\u00f6ne Lichtakzente und k\u00f6nnen au\u00dferdem dunkle Ecken in Ihrem Raum beleuchten. Ein weiterer Vorteil einer Bogenstehleuchte ist, dass ihr Licht nicht blendet. Die Leuchte kann individuell verstellt werden.[\/vc_column_text][\/vc_column][\/vc_row][vc_row][vc_column width=\u00a0\u00bb1\/2&Prime;][vc_single_image image=\u00a0\u00bb10840&Prime; img_size=\u00a0\u00bbfull\u00a0\u00bb][\/vc_column][vc_column width=\u00a0\u00bb1\/2&Prime;][vc_column_text]<\/p>\n<h3>Schaffen Sie mit Ihrer Bogenstehleuchte ein gem\u00fctliches Ambiente<\/h3>\n<p>Eine\u00a0<strong>Bogenstehleuchte<\/strong>, die Sie beliebig im Raum platzieren k\u00f6nnen, wirkt gem\u00fctlich und gleichzeitig unaufdringlich. Bei Ihrer Wahl der passenden Bogenstehleuchte k\u00f6nnen Sie Ihrer Kreativit\u00e4t freien Lauf lassen: Wir bieten verschiedene Gr\u00f6\u00dfen und unterschiedliche H\u00f6hen, sodass f\u00fcr jeden Bedarf das Richtige dabei ist. Das tolle an einer Bogenstehlampe ist, dass Sie keine L\u00f6cher in Ihre W\u00e4nde bohren m\u00fcssen. Deshalb ist ihr Einsatz sehr\u00a0<strong>flexibel.<\/strong>\u00a0Ob Sie Ihre Bogenstehlampe in den Essbereich, im Kinderzimmer oder im Arbeitszimmer aufstellen m\u00f6chten, bleibt Ihrer Kreativit\u00e4t \u00fcberlassen. So k\u00f6nnen Sie Ihre vier W\u00e4nde durch eine\u00a0<strong>pers\u00f6nliche Note<\/strong>\u00a0von anderen Wohnungen abheben und genie\u00dfen ein individuelles, stilvolles Ambiente.[\/vc_column_text][\/vc_column][\/vc_row][vc_row css=\u00a0\u00bb.vc_custom_1660556294542{margin-top: 30px !important;margin-right: 10% !important;margin-bottom: 40px !important;margin-left: 10% !important;}\u00a0\u00bb][vc_column][vc_column_text]<\/p>\n<h1 style=\"text-align: center;\">Weitere Modelle finden Sie auf den jeweiligen Unterseiten der Kollektionen<\/h1>\n<p>[\/vc_column_text][vc_row_inner][vc_column_inner width=\u00a0\u00bb1\/3&Prime;][vc_column_text el_class=\u00a0\u00bbKollektion_Auswahlbutton\u00a0\u00bb]<a href=\"https:\/\/vs-manufaktur.de\/portfolio-category\/vs\/\">VS Manufaktur Kollektion<\/a>[\/vc_column_text][\/vc_column_inner][vc_column_inner width=\u00a0\u00bb1\/3&Prime;][vc_column_text el_class=\u00a0\u00bbKollektion_Auswahlbutton\u00a0\u00bb]<a href=\"https:\/\/vs-manufaktur.de\/kollektionen\/kollektion-florian-schulz\/\">Florian Schulz Kollektion<\/a>[\/vc_column_text][\/vc_column_inner][vc_column_inner width=\u00a0\u00bb1\/3&Prime;][vc_column_text el_class=\u00a0\u00bbKollektion_Auswahlbutton\u00a0\u00bb]<a href=\"https:\/\/vs-manufaktur.de\/alle-modelle\/\">\u00dcbersicht beider Kollektionen<\/a>[\/vc_column_text][\/vc_column_inner][\/vc_row_inner][\/vc_column][\/vc_row]<\/p>\n<\/div>","protected":false},"excerpt":{"rendered":"<p>[vc_row][vc_column][vc_column_text] Bogenstehleuchten f\u00fcr das noble Ambiente Eine Bogenstehleuchte bietet Ihnen viele Vorteile. Sie k\u00f6nnen damit indirektes Licht erzeugen, indem sie Ihre Bogenstehleuchte gegen Decken- oder Wandfl\u00e4chen richten. Zudem ist eine Bogenstehlampe beweglich und kann Ihnen als Leselampe dienen. Damit ist sie sowohl praktisch als auch \u00e4sthetisch Angenehmes Licht f\u00fcr Ihr Zuhause durch die passende Bogenstehleuchte&hellip;<\/p>\n","protected":false},"author":2,"featured_media":0,"parent":0,"menu_order":0,"comment_status":"closed","ping_status":"closed","template":"","meta":{"_acf_changed":false,"footnotes":""},"class_list":["post-11968","page","type-page","status-publish","hentry"],"translation":{"provider":"WPGlobus","version":"3.0.2","language":"fr","enabled_languages":["de","en","fr"],"languages":{"de":{"title":true,"content":true,"excerpt":false},"en":{"title":true,"content":true,"excerpt":false},"fr":{"title":false,"content":false,"excerpt":false}}},"acf":[],"aioseo_notices":[],"_links":{"self":[{"href":"https:\/\/vs-manufaktur.de\/fr\/wp-json\/wp\/v2\/pages\/11968","targetHints":{"allow":["GET"]}}],"collection":[{"href":"https:\/\/vs-manufaktur.de\/fr\/wp-json\/wp\/v2\/pages"}],"about":[{"href":"https:\/\/vs-manufaktur.de\/fr\/wp-json\/wp\/v2\/types\/page"}],"author":[{"embeddable":true,"href":"https:\/\/vs-manufaktur.de\/fr\/wp-json\/wp\/v2\/users\/2"}],"replies":[{"embeddable":true,"href":"https:\/\/vs-manufaktur.de\/fr\/wp-json\/wp\/v2\/comments?post=11968"}],"version-history":[{"count":7,"href":"https:\/\/vs-manufaktur.de\/fr\/wp-json\/wp\/v2\/pages\/11968\/revisions"}],"predecessor-version":[{"id":12111,"href":"https:\/\/vs-manufaktur.de\/fr\/wp-json\/wp\/v2\/pages\/11968\/revisions\/12111"}],"wp:attachment":[{"href":"https:\/\/vs-manufaktur.de\/fr\/wp-json\/wp\/v2\/media?parent=11968"}],"curies":[{"name":"wp","href":"https:\/\/api.w.org\/{rel}","templated":true}]}}