{"id":11553,"date":"2022-03-09T19:40:36","date_gmt":"2022-03-09T19:40:36","guid":{"rendered":"https:\/\/vs-manufaktur.de\/?page_id=11553"},"modified":"2022-12-27T07:46:53","modified_gmt":"2022-12-27T07:46:53","slug":"impressionen","status":"publish","type":"page","link":"https:\/\/vs-manufaktur.de\/fr\/impressionen\/","title":{"rendered":"Impressionen"},"content":{"rendered":"<div class=\"wpb-content-wrapper\"><p>[vc_row full_width=\u00a0\u00bbstretch_row\u00a0\u00bb el_id=\u00a0\u00bbStart_Gewerke\u00a0\u00bb][vc_column][vc_column_text]<\/p>\n<h1 class=\"unterstrichen\">Handwerkskunst<\/h1>\n<p>[\/vc_column_text][\/vc_column][\/vc_row][vc_row css=\u00a0\u00bb.vc_custom_1646895547004{margin-top: -10px !important;margin-bottom: 70px !important;background-color: #ffffff !important;}\u00a0\u00bb][vc_column width=\u00a0\u00bb1\/3&Prime; css=\u00a0\u00bb.vc_custom_1646854217128{background-color: #ffffff !important;}\u00a0\u00bb][vc_hoverbox image=\u00a0\u00bb11571&Prime; primary_title=\u00a0\u00bb\u00a0\u00bb hover_title=\u00a0\u00bbS\u00e4gen\u00a0\u00bb shape=\u00a0\u00bbsquare\u00a0\u00bb hover_background_color=\u00a0\u00bbwhite\u00a0\u00bb css=\u00a0\u00bb.vc_custom_1646854689317{background-color: #ffffff !important;}\u00a0\u00bb]S\u00e4gen von Hand auf der Kreiss\u00e4ge ist eine der typischen Arbeitsmethoden des G\u00fcrtlers \/ Metallbildners. Kein anderer Metallberuf nimmt sich diese Freiheit. \u00c4hnlich wie beim Schreiner ist dadurch schon beim Zuschneiden ein Gef\u00fchl f\u00fcr das Material n\u00f6tig.[\/vc_hoverbox][\/vc_column][vc_column width=\u00a0\u00bb1\/3&Prime;][vc_hoverbox image=\u00a0\u00bb11574&Prime; primary_title=\u00a0\u00bb\u00a0\u00bb hover_title=\u00a0\u00bbL\u00f6ten\u00a0\u00bb shape=\u00a0\u00bbsquare\u00a0\u00bb hover_background_color=\u00a0\u00bbwhite\u00a0\u00bb css=\u00a0\u00bb.vc_custom_1646854832946{background-color: #ffffff !important;}\u00a0\u00bb]Hartl\u00f6ten ist f\u00fcr den G\u00fcrtler\/Metallbildner als Messingverarbeiter die wichtigste Verbindungsart. Eine Legierung mit bis zu 60% Silberanteil wird in den sorgf\u00e4ltig vorbereiteten L\u00f6tspalt geschmolzen. Die Nahtstelle bleibt nach der aufwendigen Nachbehandlung nahezu unsichtbar.[\/vc_hoverbox][\/vc_column][vc_column width=\u00a0\u00bb1\/3&Prime;][vc_hoverbox image=\u00a0\u00bb11548&Prime; primary_title=\u00a0\u00bb\u00a0\u00bb hover_title=\u00a0\u00bbPolieren\u00a0\u00bb shape=\u00a0\u00bbsquare\u00a0\u00bb hover_background_color=\u00a0\u00bbwhite\u00a0\u00bb css=\u00a0\u00bb.vc_custom_1646854224894{background-color: #ffffff !important;}\u00a0\u00bb]Polieren setzt jahrelange Erfahrung voraus. Es stellt nicht nur hohe physische Anforderungen, sondern verlangt auch gleichzeitig eine sehr sensible Einstellung auf das Werkst\u00fcck.[\/vc_hoverbox][\/vc_column][\/vc_row][vc_row][vc_column][vc_column_text]<\/p>\n<h1 class=\"unterstrichen\">Impressionen<\/h1>\n<p>[\/vc_column_text][\/vc_column][\/vc_row][vc_row css=\u00a0\u00bb.vc_custom_1646895594514{margin-bottom: 50px !important;}\u00a0\u00bb][vc_column][vc_images_carousel images=\u00a0\u00bb11546,11549,11566,11551,11552,11568,11565,11567,11569,11564,11547&Prime; img_size=\u00a0\u00bbfull\u00a0\u00bb][vc_column_text]<\/p>\n<h3 class=\"p1\"><b>Design trifft hier auf Funktion, Nutzen auf Handwerksk\u00f6nnen.<\/b><\/h3>\n<p class=\"p1\"><span class=\"s1\">Jede Leuchte ist ein nahezu handgefertigtes Unikat und auf eine sehr lange Lebensdauer ausgerichtet.<br \/>\n<\/span><span class=\"s1\">Pr\u00e4zision und \u00c4sthetik werden in der VS Manufaktur nachhaltig umgesetzt.<\/span><\/p>\n<p>[\/vc_column_text][\/vc_column][\/vc_row]<\/p>\n<\/div>","protected":false},"excerpt":{"rendered":"<p>[vc_row full_width=\u00a0\u00bbstretch_row\u00a0\u00bb el_id=\u00a0\u00bbStart_Gewerke\u00a0\u00bb][vc_column][vc_column_text] Handwerkskunst [\/vc_column_text][\/vc_column][\/vc_row][vc_row css=\u00a0\u00bb.vc_custom_1646895547004{margin-top: -10px !important;margin-bottom: 70px !important;background-color: #ffffff !important;}\u00a0\u00bb][vc_column width=\u00a0\u00bb1\/3&Prime; css=\u00a0\u00bb.vc_custom_1646854217128{background-color: #ffffff !important;}\u00a0\u00bb][vc_hoverbox image=\u00a0\u00bb11571&Prime; primary_title=\u00a0\u00bb\u00a0\u00bb hover_title=\u00a0\u00bbS\u00e4gen\u00a0\u00bb shape=\u00a0\u00bbsquare\u00a0\u00bb hover_background_color=\u00a0\u00bbwhite\u00a0\u00bb css=\u00a0\u00bb.vc_custom_1646854689317{background-color: #ffffff !important;}\u00a0\u00bb]S\u00e4gen von Hand auf der Kreiss\u00e4ge ist eine der typischen Arbeitsmethoden des G\u00fcrtlers \/ Metallbildners. Kein anderer Metallberuf nimmt sich diese Freiheit. \u00c4hnlich wie beim Schreiner ist dadurch schon beim Zuschneiden ein&hellip;<\/p>\n","protected":false},"author":2,"featured_media":0,"parent":0,"menu_order":0,"comment_status":"closed","ping_status":"closed","template":"","meta":{"_acf_changed":false,"footnotes":""},"class_list":["post-11553","page","type-page","status-publish","hentry"],"translation":{"provider":"WPGlobus","version":"3.0.2","language":"fr","enabled_languages":["de","en","fr"],"languages":{"de":{"title":true,"content":true,"excerpt":false},"en":{"title":false,"content":true,"excerpt":false},"fr":{"title":false,"content":false,"excerpt":false}}},"acf":[],"aioseo_notices":[],"_links":{"self":[{"href":"https:\/\/vs-manufaktur.de\/fr\/wp-json\/wp\/v2\/pages\/11553","targetHints":{"allow":["GET"]}}],"collection":[{"href":"https:\/\/vs-manufaktur.de\/fr\/wp-json\/wp\/v2\/pages"}],"about":[{"href":"https:\/\/vs-manufaktur.de\/fr\/wp-json\/wp\/v2\/types\/page"}],"author":[{"embeddable":true,"href":"https:\/\/vs-manufaktur.de\/fr\/wp-json\/wp\/v2\/users\/2"}],"replies":[{"embeddable":true,"href":"https:\/\/vs-manufaktur.de\/fr\/wp-json\/wp\/v2\/comments?post=11553"}],"version-history":[{"count":24,"href":"https:\/\/vs-manufaktur.de\/fr\/wp-json\/wp\/v2\/pages\/11553\/revisions"}],"predecessor-version":[{"id":11587,"href":"https:\/\/vs-manufaktur.de\/fr\/wp-json\/wp\/v2\/pages\/11553\/revisions\/11587"}],"wp:attachment":[{"href":"https:\/\/vs-manufaktur.de\/fr\/wp-json\/wp\/v2\/media?parent=11553"}],"curies":[{"name":"wp","href":"https:\/\/api.w.org\/{rel}","templated":true}]}}