{"id":11390,"date":"2022-03-04T08:47:27","date_gmt":"2022-03-04T08:47:27","guid":{"rendered":"https:\/\/vs-manufaktur.de\/?page_id=11390"},"modified":"2025-10-08T09:17:54","modified_gmt":"2025-10-08T09:17:54","slug":"inhaber-jens-schump","status":"publish","type":"page","link":"https:\/\/vs-manufaktur.de\/fr\/inhaber-jens-schump\/","title":{"rendered":"Inhaber Jens Schump"},"content":{"rendered":"<div class=\"wpb-content-wrapper\"><p>[vc_row el_class=\u00a0\u00bbAbstand\u00a0\u00bb][vc_column][vc_column_text]<\/p>\n<h1 class=\"unterstrichen\">\u00dcber Jens Schump<\/h1>\n<p>[\/vc_column_text][\/vc_column][\/vc_row][vc_row][vc_column width=\u00a0\u00bb1\/3&Prime;][vc_single_image image=\u00a0\u00bb11398&Prime; img_size=\u00a0\u00bblarge\u00a0\u00bb][\/vc_column][vc_column width=\u00a0\u00bb2\/3&Prime;][vc_column_text css=\u00a0\u00bb\u00a0\u00bb]<\/p>\n<h2><strong>Das Unternehmen Florian Schulz GmbH wurde 2019 von Jens Schump \u00fcbernommen und umfirmiert in VS Manufaktur e.K..<\/strong><\/h2>\n<p>Der Metallbildner, Fachrichtung Metalldr\u00fccktechnik, hat sein Handwerk von der Pike auf bei Florian Schulz gelernt und 14 Jahre mit ihm zusammengearbeitet. Dabei hat er ein feines Gesp\u00fcr f\u00fcr die Innenwelt hochwertiger Leuchten entwickelt.<\/p>\n<p><strong>Vom Auszubildenden bei Florian Schulz bis hin zum Betriebsleiter.<\/strong><br \/>\n<strong>Jetzt ist er Unternehmer und Eigent\u00fcmer der VS Manufaktur.<\/strong><\/p>\n<p>Der 40-j\u00e4hrige Gesch\u00e4ftsf\u00fchrer hat die Belegschaft von Florian Schulz \u00fcbernommen und weitere qualifizierte Mitarbeiter eingestellt.<\/p>\n<p>Jens Schumps Vision ist es, Design, Qualit\u00e4tsanspruch und Langlebigkeit zu garantieren. Hinsichtlich Qualit\u00e4t und Funktionalit\u00e4t wurden die Leuchten behutsam modernisiert und an aktuelle technische Gegebenheiten angepasst, wie die M\u00f6glichkeit zur Anbindung an KNX- und SmartHome-Systeme. <strong>So ist jede Leuchte nicht nur nahezu ein Unikat, sondern auch in der technischen Funktionalit\u00e4t qualitativ hochwertig und modern.<\/strong><\/p>\n<p>Dies produziert in einer schw\u00e4bischen Manufaktur, gefertigt von erfahrenen Handwerkern \u2013 made in Germany.<\/p>\n<p>Jens Schump designt als Gesch\u00e4ftsf\u00fchrer aber auch weiterhin neue Leuchten. Dabei bewahrt er die Designrichtung von Florian Schulz und gibt neuen Kreationen seine Handschrift \u2013 <strong>Pr\u00e4zision und \u00c4sthetik werden weiter nachhaltig umgesetzt<\/strong>.[\/vc_column_text][\/vc_column][\/vc_row][vc_row css=\u00a0\u00bb.vc_custom_1646383427252{margin-top: 20px !important;margin-bottom: 100px !important;}\u00a0\u00bb][vc_column width=\u00a0\u00bb1\/3&Prime;][vc_hoverbox image=\u00a0\u00bb11406&Prime; primary_title=\u00a0\u00bb\u00a0\u00bb hover_title=\u00a0\u00bbPlanung eines Dimmers\u00a0\u00bb shape=\u00a0\u00bbsquare\u00a0\u00bb hover_background_color=\u00a0\u00bbwhite\u00a0\u00bb]Vom Schaltplan bis zum Leiterplatten-Design.[\/vc_hoverbox][\/vc_column][vc_column width=\u00a0\u00bb1\/3&Prime;][vc_hoverbox image=\u00a0\u00bb11407&Prime; primary_title=\u00a0\u00bb\u00a0\u00bb hover_title=\u00a0\u00bbPrototypenbau\u00a0\u00bb shape=\u00a0\u00bbsquare\u00a0\u00bb hover_background_color=\u00a0\u00bbwhite\u00a0\u00bb]Der Prototyp wird anschlie\u00dfend auf Herz und Nieren gepr\u00fcft.[\/vc_hoverbox][\/vc_column][vc_column width=\u00a0\u00bb1\/3&Prime;][vc_hoverbox image=\u00a0\u00bb11412&Prime; primary_title=\u00a0\u00bb\u00a0\u00bb hover_title=\u00a0\u00bbKleinserienproduktion\u00a0\u00bb shape=\u00a0\u00bbsquare\u00a0\u00bb hover_background_color=\u00a0\u00bbwhite\u00a0\u00bb]Auch das wird bei uns in Handarbeit gemacht.[\/vc_hoverbox][\/vc_column][\/vc_row]<\/p>\n<\/div>","protected":false},"excerpt":{"rendered":"<p>[vc_row el_class=\u00a0\u00bbAbstand\u00a0\u00bb][vc_column][vc_column_text] \u00dcber Jens Schump [\/vc_column_text][\/vc_column][\/vc_row][vc_row][vc_column width=\u00a0\u00bb1\/3&Prime;][vc_single_image image=\u00a0\u00bb11398&Prime; img_size=\u00a0\u00bblarge\u00a0\u00bb][\/vc_column][vc_column width=\u00a0\u00bb2\/3&Prime;][vc_column_text css=\u00a0\u00bb\u00a0\u00bb] Das Unternehmen Florian Schulz GmbH wurde 2019 von Jens Schump \u00fcbernommen und umfirmiert in VS Manufaktur e.K.. Der Metallbildner, Fachrichtung Metalldr\u00fccktechnik, hat sein Handwerk von der Pike auf bei Florian Schulz gelernt und 14 Jahre mit ihm zusammengearbeitet. Dabei hat er ein feines Gesp\u00fcr&hellip;<\/p>\n","protected":false},"author":2,"featured_media":0,"parent":0,"menu_order":0,"comment_status":"closed","ping_status":"closed","template":"","meta":{"_acf_changed":false,"footnotes":""},"class_list":["post-11390","page","type-page","status-publish","hentry"],"translation":{"provider":"WPGlobus","version":"3.0.2","language":"fr","enabled_languages":["de","en","fr"],"languages":{"de":{"title":true,"content":true,"excerpt":false},"en":{"title":false,"content":true,"excerpt":false},"fr":{"title":false,"content":false,"excerpt":false}}},"acf":[],"aioseo_notices":[],"_links":{"self":[{"href":"https:\/\/vs-manufaktur.de\/fr\/wp-json\/wp\/v2\/pages\/11390","targetHints":{"allow":["GET"]}}],"collection":[{"href":"https:\/\/vs-manufaktur.de\/fr\/wp-json\/wp\/v2\/pages"}],"about":[{"href":"https:\/\/vs-manufaktur.de\/fr\/wp-json\/wp\/v2\/types\/page"}],"author":[{"embeddable":true,"href":"https:\/\/vs-manufaktur.de\/fr\/wp-json\/wp\/v2\/users\/2"}],"replies":[{"embeddable":true,"href":"https:\/\/vs-manufaktur.de\/fr\/wp-json\/wp\/v2\/comments?post=11390"}],"version-history":[{"count":33,"href":"https:\/\/vs-manufaktur.de\/fr\/wp-json\/wp\/v2\/pages\/11390\/revisions"}],"predecessor-version":[{"id":13957,"href":"https:\/\/vs-manufaktur.de\/fr\/wp-json\/wp\/v2\/pages\/11390\/revisions\/13957"}],"wp:attachment":[{"href":"https:\/\/vs-manufaktur.de\/fr\/wp-json\/wp\/v2\/media?parent=11390"}],"curies":[{"name":"wp","href":"https:\/\/api.w.org\/{rel}","templated":true}]}}