{"id":11298,"date":"2022-02-19T13:40:03","date_gmt":"2022-02-19T13:40:03","guid":{"rendered":"https:\/\/vs-manufaktur.de\/?page_id=11298"},"modified":"2022-12-27T07:48:29","modified_gmt":"2022-12-27T07:48:29","slug":"kollektion-vs","status":"publish","type":"page","link":"https:\/\/vs-manufaktur.de\/fr\/kollektionen\/kollektion-vs\/","title":{"rendered":"VS Manufaktur Kollektion"},"content":{"rendered":"<div class=\"wpb-content-wrapper\"><p>[vc_row el_id=\u00a0\u00bbVS_Ueberschrift\u00a0\u00bb][vc_column][vc_column_text]<\/p>\n<h1 class=\"unterstrichen\">VS Manufaktur Kollektion<\/h1>\n<h2>HANDWERK TRIFFT PERFEKTION.<\/h2>\n<p>Jens Schump vereint Design, Technik &amp; Qualit\u00e4t auf h\u00f6chstem Niveau.[\/vc_column_text][\/vc_column][\/vc_row][vc_row el_class=\u00a0\u00bbAbstand\u00a0\u00bb el_id=\u00a0\u00bbVS_Info\u00a0\u00bb][vc_column][vc_column_text]<\/p>\n<h1 class=\"unterstrichen\">\u00dcber Jens Schump<\/h1>\n<p>[\/vc_column_text][vc_row_inner][vc_column_inner][vc_column_text]<img loading=\"lazy\" decoding=\"async\" class=\"alignleft wp-image-11299 size-full\" style=\"width: 17%; height: auto; margin: 0 16px 16px 0;\" src=\"https:\/\/vs-manufaktur.de\/wp-content\/uploads\/2022\/02\/Portrait-Jens-Schump.jpg\" alt=\"\" width=\"512\" height=\"512\" srcset=\"https:\/\/vs-manufaktur.de\/wp-content\/uploads\/2022\/02\/Portrait-Jens-Schump.jpg 512w, https:\/\/vs-manufaktur.de\/wp-content\/uploads\/2022\/02\/Portrait-Jens-Schump-300x300.jpg 300w, https:\/\/vs-manufaktur.de\/wp-content\/uploads\/2022\/02\/Portrait-Jens-Schump-150x150.jpg 150w, https:\/\/vs-manufaktur.de\/wp-content\/uploads\/2022\/02\/Portrait-Jens-Schump-468x468.jpg 468w\" sizes=\"auto, (max-width: 512px) 100vw, 512px\" \/>Das Unternehmen Florian Schulz GmbH wurde 2019 von Jens Schump \u00fcbernommen und umfirmiert in VS Manufaktur e.K.. Der Metallbildner, Fachrichtung Metalldr\u00fccktechnik, hat sein Handwerk von der Pike auf bei Florian Schulz gelernt und 14 Jahre mit ihm zusammengearbeitet. Dabei hat er ein feines Gesp\u00fcr f\u00fcr die Innenwelt hochwertiger Leuchten entwickelt. Vom Auszubildenden bei Florian Schulz bis hin zum Betriebsleiter.<br \/>\nJetzt ist er Unternehmer und Eigent\u00fcmer der VS Manufaktur.<br \/>\nDer 36-j\u00e4hrige Gesch\u00e4ftsf\u00fchrer hat die Belegschaft von Florian Schulz \u00fcbernommen und weitere qualifizierte Mitarbeiter eingestellt.<\/p>\n<p>Jens Schumps Vision ist es, Design, Qualit\u00e4tsanspruch und Langlebigkeit zu garantieren. Hinsichtlich Qualit\u00e4t und Funktionalit\u00e4t wurden die Leuchten behutsam modernisiert und an aktuelle technische Gegebenheiten angepasst, wie die M\u00f6glichkeit zur Anbindung an KNX- und SmartHome-Systeme. So ist jede Leuchte nicht nur nahezu ein Unikat, sondern auch in der technischen Funktionalit\u00e4t qualitativ hochwertig und modern.<\/p>\n<p>Dies produziert in einer schw\u00e4bischen Manufaktur, gefertigt von erfahrenen Handwerkern \u2013 made in Germany.<br \/>\nJens Schump designt als Gesch\u00e4ftsf\u00fchrer aber auch weiterhin neue Leuchten. Dabei bewahrt er die Designrichtung von Florian Schulz und gibt neuen Kreationen seine Handschrift \u2013 Pr\u00e4zision und \u00c4sthetik werden weiter nachhaltig umgesetzt.[\/vc_column_text][\/vc_column_inner][\/vc_row_inner][\/vc_column][\/vc_row]<\/p>\n<\/div>","protected":false},"excerpt":{"rendered":"<p>[vc_row el_id=\u00a0\u00bbVS_Ueberschrift\u00a0\u00bb][vc_column][vc_column_text] VS Manufaktur Kollektion HANDWERK TRIFFT PERFEKTION. Jens Schump vereint Design, Technik &amp; Qualit\u00e4t auf h\u00f6chstem Niveau.[\/vc_column_text][\/vc_column][\/vc_row][vc_row el_class=\u00a0\u00bbAbstand\u00a0\u00bb el_id=\u00a0\u00bbVS_Info\u00a0\u00bb][vc_column][vc_column_text] \u00dcber Jens Schump [\/vc_column_text][vc_row_inner][vc_column_inner][vc_column_text]Das Unternehmen Florian Schulz GmbH wurde 2019 von Jens Schump \u00fcbernommen und umfirmiert in VS Manufaktur e.K.. Der Metallbildner, Fachrichtung Metalldr\u00fccktechnik, hat sein Handwerk von der Pike auf bei Florian Schulz gelernt&hellip;<\/p>\n","protected":false},"author":1,"featured_media":0,"parent":11258,"menu_order":0,"comment_status":"closed","ping_status":"closed","template":"","meta":{"_acf_changed":false,"footnotes":""},"class_list":["post-11298","page","type-page","status-publish","hentry"],"translation":{"provider":"WPGlobus","version":"3.0.2","language":"fr","enabled_languages":["de","en","fr"],"languages":{"de":{"title":true,"content":true,"excerpt":false},"en":{"title":true,"content":true,"excerpt":false},"fr":{"title":false,"content":false,"excerpt":false}}},"acf":[],"aioseo_notices":[],"_links":{"self":[{"href":"https:\/\/vs-manufaktur.de\/fr\/wp-json\/wp\/v2\/pages\/11298","targetHints":{"allow":["GET"]}}],"collection":[{"href":"https:\/\/vs-manufaktur.de\/fr\/wp-json\/wp\/v2\/pages"}],"about":[{"href":"https:\/\/vs-manufaktur.de\/fr\/wp-json\/wp\/v2\/types\/page"}],"author":[{"embeddable":true,"href":"https:\/\/vs-manufaktur.de\/fr\/wp-json\/wp\/v2\/users\/1"}],"replies":[{"embeddable":true,"href":"https:\/\/vs-manufaktur.de\/fr\/wp-json\/wp\/v2\/comments?post=11298"}],"version-history":[{"count":10,"href":"https:\/\/vs-manufaktur.de\/fr\/wp-json\/wp\/v2\/pages\/11298\/revisions"}],"predecessor-version":[{"id":12253,"href":"https:\/\/vs-manufaktur.de\/fr\/wp-json\/wp\/v2\/pages\/11298\/revisions\/12253"}],"up":[{"embeddable":true,"href":"https:\/\/vs-manufaktur.de\/fr\/wp-json\/wp\/v2\/pages\/11258"}],"wp:attachment":[{"href":"https:\/\/vs-manufaktur.de\/fr\/wp-json\/wp\/v2\/media?parent=11298"}],"curies":[{"name":"wp","href":"https:\/\/api.w.org\/{rel}","templated":true}]}}