{"id":4210,"date":"2019-02-04T13:39:05","date_gmt":"2019-02-04T13:39:05","guid":{"rendered":"https:\/\/vs-manufaktur.de\/?page_id=4210"},"modified":"2022-01-17T09:17:22","modified_gmt":"2022-01-17T09:17:22","slug":"lieferbedingungen","status":"publish","type":"page","link":"https:\/\/vs-manufaktur.de\/en\/lieferbedingungen\/","title":{"rendered":"Lieferbedingungen"},"content":{"rendered":"<div class=\"wpb-content-wrapper\"><p>[vc_row][vc_column][vc_column_text]<\/p>\n<h1>Lieferbedingungen<\/h1>\n<p class=\"p1\">1. Unsere Lieferbedingungen sind unter Ausschluss anderer Einkaufsbedingungen ma\u00dfgebend. Entgegenstehende oder von diesen Lieferbedingungen abweichende Bedingungen des Kunden erkennen wir nicht an, es sei denn, wir haben deren G\u00fcltigkeit ausdr\u00fccklich schriftlich zugestimmt. Unsere Lieferbedingungen gelten auch dann, wenn wir in Kenntnis entgegenstehender oder von diesen Lieferbedingungen abweichender Bedingungen des Kunden die Lieferung an den Kunden vorbehaltlos ausf\u00fchren.<\/p>\n<p>2. Angegebene Lieferfristen stellen nur einen Richtwert dar und gelten daher nur als ann\u00e4hernd vereinbart (ca.-Fristen).<\/p>\n<p>3. Die Lieferung erfolgt ab 01.02.2022 ausschlie\u00dflich \u201eex works\u201c. Die notwendige Verpackung erfolgt zu unseren Lasten, die Verpackung wird von uns jedoch nicht zur\u00fcckgenommen.<\/p>\n<p>4. Unsere Rechnungen sind unabh\u00e4ngig vom Eingang der Ware innerhalb von 30 Tagen netto zahlbar, bei Zahlung innerhalb von 15 Tagen ab Rechnungsdatum gew\u00e4hren wir 3% Skonto. Bei \u00dcberschreiten des Zahlungszieles sind wir berechtigt, Verzugszinsen von 5% \u00fcber dem jeweils g\u00fcltigen Basiszinssatz der Europ\u00e4ischen Zentralbank zu berechnen. Wechsel gelten nicht als Barzahlung.<\/p>\n<p><strong>5. M\u00e4ngelanspr\u00fcche des Kunden setzen voraus, dass dieser <\/strong><strong>seiner nach \u00a7 377 HGB geschuldeten Untersuchungs- und R\u00fcgepflicht ordnungsgem\u00e4\u00df nachgekommen ist. Soweit ein Mangel der Kaufsache vorliegt, sind wir nach Wahl des Kunden zur Nacherf\u00fcllung in Form einer Mangelbeseitigung oder zur Lieferung einer neuen mangelfreien Sache berechtigt. Im Falle der Mangelbeseitigung oder Ersatzlieferung sind wir verpflichtet, alle zum Zweck der Nacherf\u00fcllung erforderlichen Aufwendungen, insbesondere Transport-, Wege-, Arbeits- und Materialkosten zu tragen, soweit sich diese nicht dadurch erh\u00f6hen, dass die Kaufsache nach einem anderen Ort als den Erf\u00fcllungsort verbracht wurde. Schl\u00e4gt die Nacherf\u00fcllung fehl, kann der Kunde nach seiner Wahl Herabsetzung des Kaufpreises (Minderung) oder R\u00fcckg\u00e4ngigmachung des Vertrages (R\u00fccktritt) verlangen. Bei einem geringf\u00fcgigen Mangel steht dem Kunden kein R\u00fccktrittsrecht zu.<\/strong><\/p>\n<p><strong>Wir haften nach den gesetzlichen Bestimmungen dem Kunden auf Schadensersatz, soweit die Schadensersatzanspr\u00fcche auf\u00a0Vorsatz oder grober Fahrl\u00e4ssigkeit einschlie\u00dflich Vorsatz oder grober Fahrl\u00e4ssigkeit der Vertreter oder\u00a0Erf\u00fcllungsgehilfen von uns beruhen. Soweit uns keine vors\u00e4tzliche Vertragsverletzung angelastet wird, ist die\u00a0Schadensersatzhaftung auf den vorhersehbaren, typischerweise eintretenden Schaden begrenzt.<\/strong><br \/>\n<strong>Wir haften nach den gesetzlichen Bestimmungen, sofern wir schuldhaft eine wesentliche Vertragspflicht verletzt haben.<\/strong><br \/>\n<strong>Eine wesentliche Vertragspflicht liegt vor, wenn sich die Pflichtverletzung auf eine Pflicht bezieht, auf deren Erf\u00fcllung der Kunde vertraut hat und auch vertrauen durfte. In diesem Fall ist die Schadensersatzhaftung auf den vorhersehbaren, typischerweise eintretenden Schaden begrenzt.<\/strong><\/p>\n<p><strong>Die Haftung wegen schuldhafter Verletzung des Lebens, des K\u00f6rpers oder der Gesundheit bleibt unber\u00fchrt. Dies gilt auch f\u00fcr die zwingende Haftung nach dem Produkthaftungsgesetz. Die Verj\u00e4hrungsfrist f\u00fcr M\u00e4ngelanspr\u00fcche betr\u00e4gt 1 Jahr, gerechnet ab Gefahr\u00fcbergang.<\/strong><\/p>\n<p><strong>Eine weitergehende Haftung auf Schadensersatz als vorstehend ist \u2013 ohne R\u00fccksicht auf die Rechtsnatur des geltend gemachten Anspruchs \u2013 ausgeschlossen. Dies gilt insbesondere f\u00fcr Schadensersatzanspr\u00fcche aus Verschulden bei Vertragsschluss wegen sonstiger Pflichtverletzung oder wegen Deliktanspr\u00fcchen auf Ersatz von Sachsch\u00e4den gem. \u00a7 823 BGB. Die vorstehende Begrenzung gilt auch, soweit der Kunde anstelle eines Anspruchs auf Ersatz des Schadens statt der Leistung, Ersatz nutzloser Aufwendungen verlangt.<\/strong><\/p>\n<p><strong>Soweit unsere Schadensersatzhaftung gegen\u00fcber dem Kunden ausgeschlossen oder eingeschr\u00e4nkt ist, gilt dies auch im Hinblick auf die pers\u00f6nliche Schadensersatzhaftung der Angestellten, Arbeitnehmer, Mitarbeiter, Vertreter, Erf\u00fcllungsgehilfen von uns.\u00a0<\/strong><\/p>\n<p>6. Gelieferte Waren bleiben bis zur Begleichung aller Forderungen aus der Gesch\u00e4ftsverbindung unser Eigentum. Mit \u00dcbergabe der Ware gilt ein Verwahrungsvertrag als vereinbart. Der Kunde ist berechtigt, im Rahmen eines ordnungsgem\u00e4\u00dfen Gesch\u00e4ftsbetriebs die Warevweiterzuverarbeiten oder zu ver\u00e4u\u00dfern. Er tritt die ihm gegen Drittevzustehenden Anspr\u00fcche auf Bezahlung des Kaufpreises oder von Werklohn f\u00fcr die gelieferte Ware bis zur H\u00f6he unserer\u00a0Forderung an uns ab, wir nehmen diese Abtretung an.<\/p>\n<p>7. Verweigert der Kunde die Abnahme der Ware, sind wir, ungeachtet unseres Erf\u00fcllungsanspruches, berechtigt, pauschalierten Schaden von 25% des Auftragswertes geltend zu machen. Dem Kunden ist es gestattet, den Nachweis zu f\u00fchren, dass uns kein oder ein geringerer Schaden entstanden ist. Eventuelle Kosten f\u00fcr eine Aufarbeitung der Ware werden zus\u00e4tzlich berechnet.<\/p>\n<p class=\"p1\">8. Eine R\u00fccknahme von individualisierten\/personalisierten Leuchten ist ausgeschlossen.<br \/>\nIndividualisierte\/personalisierte Leuchten sind Sonderanfertigungen und folgende Oberfl\u00e4chen, welchen nur auf Bestellung angefertigt werden:<\/p>\n<ul>\n<li class=\"p1\">\u201e-Cu\u201c Messing verkupfert, lackiert<\/li>\n<li class=\"p1\">\u201e-Cm\u201c Messing verkupfert, matt geb\u00fcrstet, lackiert<\/li>\n<li class=\"p1\">\u201e-Br\u201c Messing br\u00fcniert, lackiert<\/li>\n<li class=\"p1\">\u201eBd\u201c Messing dunkel br\u00fcniert, lackiert<\/li>\n<li class=\"p1\">\u201e-So\u201c Sonderoberfl\u00e4chen, z.B. nach RAL-Karte lackiert<\/li>\n<\/ul>\n<p>9. Bei Konstruktions\u00e4nderungen behalten wir uns Abweichungen von vorhandenen Beschreibungen, Ma\u00dfskizzen oder Abbildungen vor. F\u00fcr die Ausf\u00fchrung ist der Text unserer Auftragsbest\u00e4tigung ma\u00dfgebend.<\/p>\n<p>10. Erf\u00fcllungsort und Gerichtsstand ist Ludwigsburg.<\/p>\n<p class=\"p1\" style=\"text-align: right;\">Stand 17.01.2022<\/p>\n<p>[\/vc_column_text][\/vc_column][\/vc_row][vc_row css=&#8221;.vc_custom_1549538565831{margin-bottom: 100px !important;}&#8221;][vc_column][vc_btn title=&#8221;Lieferbedingungen als PDF herunterladen&#8221; link=&#8221;url:https%3A%2F%2Fvs-manufaktur.de%2Fwp-content%2Fuploads%2F2022%2F01%2FLieferbedingungen-VS-Manufaktur-.pdf|target:_blank&#8221;][\/vc_column][\/vc_row]<\/p>\n<\/div>","protected":false},"excerpt":{"rendered":"<p>[vc_row][vc_column][vc_column_text] Lieferbedingungen 1. Unsere Lieferbedingungen sind unter Ausschluss anderer Einkaufsbedingungen ma\u00dfgebend. Entgegenstehende oder von diesen Lieferbedingungen abweichende Bedingungen des Kunden erkennen wir nicht an, es sei denn, wir haben deren G\u00fcltigkeit ausdr\u00fccklich schriftlich zugestimmt. Unsere Lieferbedingungen gelten auch dann, wenn wir in Kenntnis entgegenstehender oder von diesen Lieferbedingungen abweichender Bedingungen des Kunden die Lieferung an&hellip;<\/p>\n","protected":false},"author":1,"featured_media":0,"parent":0,"menu_order":0,"comment_status":"closed","ping_status":"closed","template":"","meta":{"_acf_changed":false,"footnotes":""},"class_list":["post-4210","page","type-page","status-publish","hentry"],"translation":{"provider":"WPGlobus","version":"3.0.2","language":"en","enabled_languages":["de","en"],"languages":{"de":{"title":true,"content":true,"excerpt":false},"en":{"title":false,"content":false,"excerpt":false}}},"acf":[],"aioseo_notices":[],"_links":{"self":[{"href":"https:\/\/vs-manufaktur.de\/en\/wp-json\/wp\/v2\/pages\/4210","targetHints":{"allow":["GET"]}}],"collection":[{"href":"https:\/\/vs-manufaktur.de\/en\/wp-json\/wp\/v2\/pages"}],"about":[{"href":"https:\/\/vs-manufaktur.de\/en\/wp-json\/wp\/v2\/types\/page"}],"author":[{"embeddable":true,"href":"https:\/\/vs-manufaktur.de\/en\/wp-json\/wp\/v2\/users\/1"}],"replies":[{"embeddable":true,"href":"https:\/\/vs-manufaktur.de\/en\/wp-json\/wp\/v2\/comments?post=4210"}],"version-history":[{"count":14,"href":"https:\/\/vs-manufaktur.de\/en\/wp-json\/wp\/v2\/pages\/4210\/revisions"}],"predecessor-version":[{"id":11102,"href":"https:\/\/vs-manufaktur.de\/en\/wp-json\/wp\/v2\/pages\/4210\/revisions\/11102"}],"wp:attachment":[{"href":"https:\/\/vs-manufaktur.de\/en\/wp-json\/wp\/v2\/media?parent=4210"}],"curies":[{"name":"wp","href":"https:\/\/api.w.org\/{rel}","templated":true}]}}