{"id":14075,"date":"2026-03-02T07:23:55","date_gmt":"2026-03-02T07:23:55","guid":{"rendered":"https:\/\/vs-manufaktur.de\/?page_id=14075"},"modified":"2026-03-18T08:56:35","modified_gmt":"2026-03-18T08:56:35","slug":"betec-kollektion","status":"publish","type":"page","link":"https:\/\/vs-manufaktur.de\/en\/kollektionen\/betec-kollektion\/","title":{"rendered":"BETEC Collection"},"content":{"rendered":"<div class=\"wpb-content-wrapper\"><p>[vc_row][vc_column width=&#8221;1\/2&#8243;][vc_column_text css=&#8221;&#8221;]<\/p>\n<h1 class=\"unterstrichen\">BETEC Collection<\/h1>\n<h2>Continuation of Production and Sales \u2013<br \/>\nBETEC Joins VS Manufaktur<\/h2>\n<p>With the BETEC collection \u2014 which is specialized in exclusive picture lights \u2014 we can now cover every interior lighting requirement completely: from sophisticated residential illumination to perfect showcasing of artworks.[\/vc_column_text][\/vc_column][vc_column width=&#8221;1\/2&#8243;][vc_single_image image=&#8221;14096&#8243; img_size=&#8221;full&#8221;][\/vc_column][\/vc_row][vc_row][vc_column width=&#8221;1\/4&#8243;][vc_single_image image=&#8221;14077&#8243; img_size=&#8221;full&#8221; alignment=&#8221;center&#8221; onclick=&#8221;custom_link&#8221; css=&#8221;.vc_custom_1773819415345{margin-bottom: 0px !important;}&#8221; link=&#8221;https:\/\/vs-manufaktur.de\/en\/kollektionen\/clarus-betec-kollektion\/&#8221;][vc_column_text css=&#8221;.vc_custom_1773819405242{margin-top: 10px !important;}&#8221;]<\/p>\n<h4 style=\"text-align: center;\"><a href=\"https:\/\/vs-manufaktur.de\/en\/kollektionen\/clarus-betec-kollektion\/\">Model Clarus<\/a><\/h4>\n<p>[\/vc_column_text][\/vc_column][vc_column width=&#8221;1\/4&#8243;][vc_single_image image=&#8221;14081&#8243; img_size=&#8221;full&#8221; alignment=&#8221;center&#8221; onclick=&#8221;custom_link&#8221; css=&#8221;.vc_custom_1773824191207{margin-bottom: 0px !important;}&#8221; link=&#8221;https:\/\/vs-manufaktur.de\/en\/kollektionen\/mono-betec-kollektion\/&#8221;][vc_column_text css=&#8221;.vc_custom_1773824183391{margin-top: 10px !important;}&#8221;]<\/p>\n<h4 style=\"text-align: center;\"><a href=\"https:\/\/vs-manufaktur.de\/en\/kollektionen\/mono-betec-kollektion\/\">Model Mono<\/a><\/h4>\n<p>[\/vc_column_text][\/vc_column][vc_column width=&#8221;1\/4&#8243;][vc_single_image image=&#8221;14076&#8243; img_size=&#8221;full&#8221; alignment=&#8221;center&#8221; onclick=&#8221;custom_link&#8221; css=&#8221;.vc_custom_1773823734664{margin-bottom: 0px !important;}&#8221; link=&#8221;https:\/\/vs-manufaktur.de\/en\/kollektionen\/angulus-betec-kollektion\/&#8221;][vc_column_text css=&#8221;.vc_custom_1773823727813{margin-top: 10px !important;}&#8221;]<\/p>\n<h4 style=\"text-align: center;\"><a href=\"https:\/\/vs-manufaktur.de\/en\/kollektionen\/angulus-betec-kollektion\/\">Model Angulus<\/a><\/h4>\n<p>[\/vc_column_text][\/vc_column][vc_column width=&#8221;1\/4&#8243;][vc_single_image image=&#8221;14080&#8243; img_size=&#8221;full&#8221; alignment=&#8221;center&#8221; onclick=&#8221;custom_link&#8221; css=&#8221;.vc_custom_1773822734980{margin-bottom: 0px !important;}&#8221; link=&#8221;https:\/\/vs-manufaktur.de\/en\/kollektionen\/minimus-betec-kollektion\/&#8221;][vc_column_text css=&#8221;.vc_custom_1773822725961{margin-top: 10px !important;}&#8221;]<\/p>\n<h4 style=\"text-align: center;\"><a href=\"https:\/\/vs-manufaktur.de\/en\/kollektionen\/minimus-betec-kollektion\/\">Model Minimus<\/a><\/h4>\n<p>[\/vc_column_text][\/vc_column][\/vc_row][vc_row][vc_column width=&#8221;1\/4&#8243;][vc_single_image image=&#8221;14079&#8243; img_size=&#8221;full&#8221; alignment=&#8221;center&#8221; onclick=&#8221;custom_link&#8221; css=&#8221;.vc_custom_1773823469663{margin-bottom: 0px !important;}&#8221; link=&#8221;https:\/\/vs-manufaktur.de\/en\/kollektionen\/maximus-betec-kollektion\/&#8221;][vc_column_text css=&#8221;.vc_custom_1773823460114{margin-top: 10px !important;margin-bottom: 0px !important;}&#8221;]<\/p>\n<h4 style=\"text-align: center;\"><a href=\"https:\/\/vs-manufaktur.de\/en\/kollektionen\/maximus-betec-kollektion\/\">Model Maximus<\/a><\/h4>\n<p>[\/vc_column_text][\/vc_column][vc_column width=&#8221;1\/4&#8243;][vc_single_image image=&#8221;14232&#8243; img_size=&#8221;full&#8221; alignment=&#8221;center&#8221; onclick=&#8221;custom_link&#8221; css=&#8221;.vc_custom_1773819299261{margin-bottom: 0px !important;}&#8221; link=&#8221;https:\/\/vs-manufaktur.de\/en\/kollektionen\/ductus-betec-kollektion\/&#8221;][vc_column_text css=&#8221;.vc_custom_1773819291111{margin-top: 10px !important;margin-bottom: 0px !important;}&#8221;]<\/p>\n<h4 style=\"text-align: center;\"><a title=\"Model Ductus\" href=\"https:\/\/vs-manufaktur.de\/en\/kollektionen\/ductus-betec-kollektion\/\">Model Ductus<\/a><\/h4>\n<p>[\/vc_column_text][\/vc_column][vc_column width=&#8221;1\/4&#8243;][vc_single_image image=&#8221;14082&#8243; img_size=&#8221;full&#8221; alignment=&#8221;center&#8221; onclick=&#8221;custom_link&#8221; css=&#8221;.vc_custom_1773819346246{margin-bottom: 0px !important;}&#8221; link=&#8221;https:\/\/vs-manufaktur.de\/en\/kollektionen\/piano-betec-kollektion\/&#8221;][vc_column_text css=&#8221;.vc_custom_1773819337134{margin-top: 10px !important;margin-bottom: 0px !important;}&#8221;]<\/p>\n<h4 style=\"text-align: center;\"><a title=\"piano-betec-kollektion\" href=\"https:\/\/vs-manufaktur.de\/en\/kollektionen\/piano-betec-kollektion\/\">Model Piano<\/a><\/h4>\n<p>[\/vc_column_text][\/vc_column][vc_column width=&#8221;1\/4&#8243;][\/vc_column][\/vc_row][vc_row el_class=&#8221;Abstand&#8221; css=&#8221;.vc_custom_1772436225988{margin-bottom: 20px !important;}&#8221;][vc_column][vc_column_text css=&#8221;&#8221;]<\/p>\n<h1 class=\"unterstrichen\">About BETEC<\/h1>\n<p>[\/vc_column_text][vc_column_text css=&#8221;&#8221;]The production relocation from Dachau (about 250 km away) to Steinheim is now complete. With the BETEC collection focusing on exclusive picture lights, we can comprehensively cover every area of interior spaces \u2014 from refined home lighting to the perfect presentation of artworks.<\/p>\n<p><strong>For existing BETEC customers:<\/strong><br \/>\nThe models Clarus, Mono, Angulus, Minimus, Maximus, Ductus, and Piano will remain available. Construction, lighting technology, and quality standards will be continued without change. Service, spare parts, and personal support are therefore still guaranteed.<\/p>\n<p>By merging both locations, we secure long-term excellence in craftsmanship and innovation. During this transitional phase, there may be longer processing times. We thank you for your trust and understanding.<\/p>\n<p>The BETEC collection is being continuously integrated into our digital presence. Soon, you will find all models clearly presented here.[\/vc_column_text][vc_row_inner disable_element=&#8221;yes&#8221;][vc_column_inner][vc_column_text]<img loading=\"lazy\" decoding=\"async\" class=\"alignleft wp-image-11295 size-full\" style=\"width: 19%; height: auto; margin: 0 16px 16px 0;\" src=\"https:\/\/vs-manufaktur.de\/wp-content\/uploads\/2022\/02\/Portrait-Florian-Schulz.jpg\" alt=\"\" width=\"410\" height=\"410\" srcset=\"https:\/\/vs-manufaktur.de\/wp-content\/uploads\/2022\/02\/Portrait-Florian-Schulz.jpg 410w, https:\/\/vs-manufaktur.de\/wp-content\/uploads\/2022\/02\/Portrait-Florian-Schulz-300x300.jpg 300w, https:\/\/vs-manufaktur.de\/wp-content\/uploads\/2022\/02\/Portrait-Florian-Schulz-150x150.jpg 150w\" sizes=\"auto, (max-width: 410px) 100vw, 410px\" \/>Florian Schulz (1946\u20142019) absolvierte im elterlichen Handwerksbetrieb eine Ausbildung zum Metallbildner.<br \/>\n<strong>Als j\u00fcngster Sohn \u00fcbernahm er die Leuchtenmanufaktur 1973.<\/strong> Auch er widmete sich zun\u00e4chst dem Objekt-Bau mit Ma\u00dfanfertigungen f\u00fcr unter Anderem die Staatsoper Stuttgart und das Modehaus Breuninger. Mehr und mehr jedoch konzentrierte er sich auf die Gestaltung von Wohnraumleuchten aus Messing. Diese wurden weiterhin am Standort in Ludwigsburg von einem ausgesuchten Team an Handwerkern in Serie produziert.<br \/>\n<strong>So entwickelte Florian Schulz \u00fcber die Jahre eine umfangreiche Kollektion an Leuchten, die in allen Bereichen des Wohnens einsetzbar sind &#8211; damals wie heute.<\/strong><\/p>\n<p>Antrieb und Inspiration waren f\u00fcr ihn die M\u00f6glichkeiten der Messingbearbeitung und der Anspruch zeitlose funktionale Leuchten zu erschaffen, die den Wohnraum bestm\u00f6glich ausleuchten.<br \/>\n<strong>Damit hinterlie\u00df er eine einzigartige Sammlung, die h\u00f6chste Handwerkskunst mit zeitlosem Design und zeitgem\u00e4\u00dfer Technik verband.<\/strong>[\/vc_column_text][\/vc_column_inner][\/vc_row_inner][\/vc_column][\/vc_row][vc_row][vc_column][\/vc_column][\/vc_row]<\/p>\n<\/div>","protected":false},"excerpt":{"rendered":"<p>[vc_row][vc_column width=&#8221;1\/2&#8243;][vc_column_text css=&#8221;&#8221;] BETEC Collection Continuation of Production and Sales \u2013 BETEC Joins VS Manufaktur With the BETEC collection \u2014 which is specialized in exclusive picture lights \u2014 we can now cover every interior lighting requirement completely: from sophisticated residential illumination to perfect showcasing of artworks.[\/vc_column_text][\/vc_column][vc_column width=&#8221;1\/2&#8243;][vc_single_image image=&#8221;14096&#8243; img_size=&#8221;full&#8221;][\/vc_column][\/vc_row][vc_row][vc_column width=&#8221;1\/4&#8243;][vc_single_image image=&#8221;14077&#8243; img_size=&#8221;full&#8221; alignment=&#8221;center&#8221; onclick=&#8221;custom_link&#8221; css=&#8221;.vc_custom_1773819415345{margin-bottom:&hellip;<\/p>\n","protected":false},"author":2,"featured_media":0,"parent":11258,"menu_order":0,"comment_status":"closed","ping_status":"closed","template":"","meta":{"_acf_changed":false,"footnotes":""},"class_list":["post-14075","page","type-page","status-publish","hentry"],"translation":{"provider":"WPGlobus","version":"3.0.2","language":"en","enabled_languages":["de","en"],"languages":{"de":{"title":true,"content":true,"excerpt":false},"en":{"title":true,"content":true,"excerpt":false}}},"acf":[],"aioseo_notices":[],"_links":{"self":[{"href":"https:\/\/vs-manufaktur.de\/en\/wp-json\/wp\/v2\/pages\/14075","targetHints":{"allow":["GET"]}}],"collection":[{"href":"https:\/\/vs-manufaktur.de\/en\/wp-json\/wp\/v2\/pages"}],"about":[{"href":"https:\/\/vs-manufaktur.de\/en\/wp-json\/wp\/v2\/types\/page"}],"author":[{"embeddable":true,"href":"https:\/\/vs-manufaktur.de\/en\/wp-json\/wp\/v2\/users\/2"}],"replies":[{"embeddable":true,"href":"https:\/\/vs-manufaktur.de\/en\/wp-json\/wp\/v2\/comments?post=14075"}],"version-history":[{"count":34,"href":"https:\/\/vs-manufaktur.de\/en\/wp-json\/wp\/v2\/pages\/14075\/revisions"}],"predecessor-version":[{"id":14260,"href":"https:\/\/vs-manufaktur.de\/en\/wp-json\/wp\/v2\/pages\/14075\/revisions\/14260"}],"up":[{"embeddable":true,"href":"https:\/\/vs-manufaktur.de\/en\/wp-json\/wp\/v2\/pages\/11258"}],"wp:attachment":[{"href":"https:\/\/vs-manufaktur.de\/en\/wp-json\/wp\/v2\/media?parent=14075"}],"curies":[{"name":"wp","href":"https:\/\/api.w.org\/{rel}","templated":true}]}}